{"id":411,"date":"2022-11-19T17:37:23","date_gmt":"2022-11-19T20:37:23","guid":{"rendered":"https:\/\/abreast.com.br\/?page_id=411"},"modified":"2022-11-19T17:40:21","modified_gmt":"2022-11-19T20:40:21","slug":"documentos","status":"publish","type":"page","link":"https:\/\/abreast.com.br\/index.php\/documentos\/","title":{"rendered":"DOCUMENTOS"},"content":{"rendered":"\n<h3 class=\"wp-block-heading\">Autenticidade de Documentos<\/h3>\n\n\n\n<p><strong>Para consultar a validade de um documento emitido pela Abreast, utilize o c\u00f3digo do seu certificado. Ele estar\u00e1 localizado na parte inferior ao QrCode.<\/strong> <strong>Caso o certificado n\u00e3o possua o c\u00f3digo, entre em contato conosco!<\/strong><\/p>\n\n\n\n<br>\n<br>\n\n<form action=\"https:\/\/abreast.com.br\/index.php\/documentos-validados\/\" method=\"get\">\n<input type=\"text\" name=\"qrcode\" style=\"width:300px; height:40px; border: 1px solid gray; float: left; margin-left:30px;\" placeholder=\"Digite o c\u00f3digo do seu certificado\">\n<input type=\"submit\" value=\"CONSULTAR\" style=\"width:100px; height:40px; border: 1px solid gray; float: left; margin-left:30px;\">\n\n<\/form>\n","protected":false},"excerpt":{"rendered":"<p>Autenticidade de Documentos Para consultar a validade de um documento emitido pela Abreast, utilize o c\u00f3digo do seu certificado. Ele estar\u00e1 localizado na parte inferior ao QrCode. Caso o certificado n\u00e3o possua o c\u00f3digo, entre em contato conosco!<\/p>\n","protected":false},"author":1,"featured_media":0,"parent":0,"menu_order":0,"comment_status":"closed","ping_status":"closed","template":"","meta":{"_themeisle_gutenberg_block_has_review":false},"yoast_head":"<!-- This site is optimized with the Yoast SEO plugin v20.2 - https:\/\/yoast.com\/wordpress\/plugins\/seo\/ -->\n<title>DOCUMENTOS - Abreast - Seguran\u00e7a e Medicina do Trabalho<\/title>\n<meta name=\"description\" content=\"Abreast - Seguran\u00e7a e Medicina do Trabalho.\" \/>\n<meta name=\"robots\" content=\"index, follow, max-snippet:-1, max-image-preview:large, max-video-preview:-1\" \/>\n<link rel=\"canonical\" href=\"https:\/\/abreast.com.br\/index.php\/documentos\/\" \/>\n<meta property=\"og:locale\" content=\"pt_BR\" \/>\n<meta property=\"og:type\" content=\"article\" \/>\n<meta property=\"og:title\" content=\"DOCUMENTOS - Abreast - Seguran\u00e7a e Medicina do Trabalho\" \/>\n<meta property=\"og:description\" content=\"Abreast - Seguran\u00e7a e Medicina do Trabalho.\" \/>\n<meta property=\"og:url\" content=\"https:\/\/abreast.com.br\/index.php\/documentos\/\" \/>\n<meta property=\"og:site_name\" content=\"Abreast - Seguran\u00e7a e Medicina do Trabalho\" \/>\n<meta property=\"article:modified_time\" content=\"2022-11-19T20:40:21+00:00\" \/>\n<meta name=\"twitter:card\" content=\"summary_large_image\" \/>\n<script type=\"application\/ld+json\" class=\"yoast-schema-graph\">{\"@context\":\"https:\/\/schema.org\",\"@graph\":[{\"@type\":\"WebPage\",\"@id\":\"https:\/\/abreast.com.br\/index.php\/documentos\/\",\"url\":\"https:\/\/abreast.com.br\/index.php\/documentos\/\",\"name\":\"DOCUMENTOS - Abreast - Seguran\u00e7a e Medicina do Trabalho\",\"isPartOf\":{\"@id\":\"https:\/\/abreast.com.br\/#website\"},\"datePublished\":\"2022-11-19T20:37:23+00:00\",\"dateModified\":\"2022-11-19T20:40:21+00:00\",\"description\":\"Abreast - Seguran\u00e7a e Medicina do Trabalho.\",\"breadcrumb\":{\"@id\":\"https:\/\/abreast.com.br\/index.php\/documentos\/#breadcrumb\"},\"inLanguage\":\"pt-BR\",\"potentialAction\":[{\"@type\":\"ReadAction\",\"target\":[\"https:\/\/abreast.com.br\/index.php\/documentos\/\"]}]},{\"@type\":\"BreadcrumbList\",\"@id\":\"https:\/\/abreast.com.br\/index.php\/documentos\/#breadcrumb\",\"itemListElement\":[{\"@type\":\"ListItem\",\"position\":1,\"name\":\"In\u00edcio\",\"item\":\"https:\/\/abreast.com.br\/\"},{\"@type\":\"ListItem\",\"position\":2,\"name\":\"DOCUMENTOS\"}]},{\"@type\":\"WebSite\",\"@id\":\"https:\/\/abreast.com.br\/#website\",\"url\":\"https:\/\/abreast.com.br\/\",\"name\":\"Abreast - Seguran\u00e7a e Medicina do Trabalho\",\"description\":\"Abreast - Seguran\u00e7a e Medicina do Trabalho\",\"publisher\":{\"@id\":\"https:\/\/abreast.com.br\/#organization\"},\"potentialAction\":[{\"@type\":\"SearchAction\",\"target\":{\"@type\":\"EntryPoint\",\"urlTemplate\":\"https:\/\/abreast.com.br\/?s={search_term_string}\"},\"query-input\":\"required name=search_term_string\"}],\"inLanguage\":\"pt-BR\"},{\"@type\":\"Organization\",\"@id\":\"https:\/\/abreast.com.br\/#organization\",\"name\":\"Abreast\",\"url\":\"https:\/\/abreast.com.br\/\",\"logo\":{\"@type\":\"ImageObject\",\"inLanguage\":\"pt-BR\",\"@id\":\"https:\/\/abreast.com.br\/#\/schema\/logo\/image\/\",\"url\":\"https:\/\/abreast.com.br\/wp-content\/uploads\/2019\/11\/logo-abreast.png\",\"contentUrl\":\"https:\/\/abreast.com.br\/wp-content\/uploads\/2019\/11\/logo-abreast.png\",\"width\":302,\"height\":127,\"caption\":\"Abreast\"},\"image\":{\"@id\":\"https:\/\/abreast.com.br\/#\/schema\/logo\/image\/\"}}]}<\/script>\n<!-- \/ Yoast SEO plugin. -->","yoast_head_json":{"title":"DOCUMENTOS - Abreast - Seguran\u00e7a e Medicina do Trabalho","description":"Abreast - Seguran\u00e7a e Medicina do Trabalho.","robots":{"index":"index","follow":"follow","max-snippet":"max-snippet:-1","max-image-preview":"max-image-preview:large","max-video-preview":"max-video-preview:-1"},"canonical":"https:\/\/abreast.com.br\/index.php\/documentos\/","og_locale":"pt_BR","og_type":"article","og_title":"DOCUMENTOS - Abreast - Seguran\u00e7a e Medicina do Trabalho","og_description":"Abreast - Seguran\u00e7a e Medicina do Trabalho.","og_url":"https:\/\/abreast.com.br\/index.php\/documentos\/","og_site_name":"Abreast - Seguran\u00e7a e Medicina do Trabalho","article_modified_time":"2022-11-19T20:40:21+00:00","twitter_card":"summary_large_image","schema":{"@context":"https:\/\/schema.org","@graph":[{"@type":"WebPage","@id":"https:\/\/abreast.com.br\/index.php\/documentos\/","url":"https:\/\/abreast.com.br\/index.php\/documentos\/","name":"DOCUMENTOS - Abreast - Seguran\u00e7a e Medicina do Trabalho","isPartOf":{"@id":"https:\/\/abreast.com.br\/#website"},"datePublished":"2022-11-19T20:37:23+00:00","dateModified":"2022-11-19T20:40:21+00:00","description":"Abreast - Seguran\u00e7a e Medicina do Trabalho.","breadcrumb":{"@id":"https:\/\/abreast.com.br\/index.php\/documentos\/#breadcrumb"},"inLanguage":"pt-BR","potentialAction":[{"@type":"ReadAction","target":["https:\/\/abreast.com.br\/index.php\/documentos\/"]}]},{"@type":"BreadcrumbList","@id":"https:\/\/abreast.com.br\/index.php\/documentos\/#breadcrumb","itemListElement":[{"@type":"ListItem","position":1,"name":"In\u00edcio","item":"https:\/\/abreast.com.br\/"},{"@type":"ListItem","position":2,"name":"DOCUMENTOS"}]},{"@type":"WebSite","@id":"https:\/\/abreast.com.br\/#website","url":"https:\/\/abreast.com.br\/","name":"Abreast - Seguran\u00e7a e Medicina do Trabalho","description":"Abreast - Seguran\u00e7a e Medicina do Trabalho","publisher":{"@id":"https:\/\/abreast.com.br\/#organization"},"potentialAction":[{"@type":"SearchAction","target":{"@type":"EntryPoint","urlTemplate":"https:\/\/abreast.com.br\/?s={search_term_string}"},"query-input":"required name=search_term_string"}],"inLanguage":"pt-BR"},{"@type":"Organization","@id":"https:\/\/abreast.com.br\/#organization","name":"Abreast","url":"https:\/\/abreast.com.br\/","logo":{"@type":"ImageObject","inLanguage":"pt-BR","@id":"https:\/\/abreast.com.br\/#\/schema\/logo\/image\/","url":"https:\/\/abreast.com.br\/wp-content\/uploads\/2019\/11\/logo-abreast.png","contentUrl":"https:\/\/abreast.com.br\/wp-content\/uploads\/2019\/11\/logo-abreast.png","width":302,"height":127,"caption":"Abreast"},"image":{"@id":"https:\/\/abreast.com.br\/#\/schema\/logo\/image\/"}}]}},"_links":{"self":[{"href":"https:\/\/abreast.com.br\/index.php\/wp-json\/wp\/v2\/pages\/411"}],"collection":[{"href":"https:\/\/abreast.com.br\/index.php\/wp-json\/wp\/v2\/pages"}],"about":[{"href":"https:\/\/abreast.com.br\/index.php\/wp-json\/wp\/v2\/types\/page"}],"author":[{"embeddable":true,"href":"https:\/\/abreast.com.br\/index.php\/wp-json\/wp\/v2\/users\/1"}],"replies":[{"embeddable":true,"href":"https:\/\/abreast.com.br\/index.php\/wp-json\/wp\/v2\/comments?post=411"}],"version-history":[{"count":4,"href":"https:\/\/abreast.com.br\/index.php\/wp-json\/wp\/v2\/pages\/411\/revisions"}],"predecessor-version":[{"id":415,"href":"https:\/\/abreast.com.br\/index.php\/wp-json\/wp\/v2\/pages\/411\/revisions\/415"}],"wp:attachment":[{"href":"https:\/\/abreast.com.br\/index.php\/wp-json\/wp\/v2\/media?parent=411"}],"curies":[{"name":"wp","href":"https:\/\/api.w.org\/{rel}","templated":true}]}}