{"id":286,"date":"2019-12-16T20:46:13","date_gmt":"2019-12-16T23:46:13","guid":{"rendered":"https:\/\/abreast.com.br\/?page_id=286"},"modified":"2019-12-16T21:01:32","modified_gmt":"2019-12-17T00:01:32","slug":"consultoria","status":"publish","type":"page","link":"https:\/\/abreast.com.br\/index.php\/consultoria\/","title":{"rendered":"Consultoria"},"content":{"rendered":"\n<h4 class=\"wp-block-heading\">Est\u00e1 abrindo sua empresa? Sua empresa est\u00e1 crescendo? Precisa de ajuda na \u00e1rea de Seguran\u00e7a do Trabalho e Medicina Ocupacional?  N\u00f3s te ajudamos!    <\/h4>\n\n\n\n<h5 class=\"wp-block-heading\">Antes de mais nada, precisamos entender o cen\u00e1rio da sua empresa. Preencha o formul\u00e1rio abaixo e aguarde o retorno de um de nossos engenheiros. <\/h5>\n\n\n<div class=\"wpforms-container wpforms-container-full\" id=\"wpforms-288\"><form id=\"wpforms-form-288\" class=\"wpforms-validate wpforms-form wpforms-ajax-form\" data-formid=\"288\" method=\"post\" enctype=\"multipart\/form-data\" action=\"\/index.php\/wp-json\/wp\/v2\/pages\/286\" data-token=\"55a6ed80125342b1cd318b117003b6cd\"><noscript class=\"wpforms-error-noscript\">Ative o JavaScript no seu navegador para preencher este formul\u00e1rio.<\/noscript><div class=\"wpforms-field-container\"><div id=\"wpforms-288-field_1-container\" class=\"wpforms-field wpforms-field-text\" data-field-id=\"1\"><label class=\"wpforms-field-label\" for=\"wpforms-288-field_1\">QUAL O SEU NOME? <span class=\"wpforms-required-label\">*<\/span><\/label><input type=\"text\" id=\"wpforms-288-field_1\" class=\"wpforms-field-medium wpforms-field-required\" name=\"wpforms[fields][1]\" required><\/div><div id=\"wpforms-288-field_2-container\" class=\"wpforms-field wpforms-field-email\" data-field-id=\"2\"><label class=\"wpforms-field-label\" for=\"wpforms-288-field_2\">E SEU EMAIL? <span class=\"wpforms-required-label\">*<\/span><\/label><div class=\"wpforms-field-row wpforms-field-medium\"><div class=\"wpforms-field-row-block wpforms-one-half wpforms-first\"><input type=\"email\" id=\"wpforms-288-field_2\" class=\"wpforms-field-required wpforms-field-email-primary\" name=\"wpforms[fields][2][primary]\" required><label for=\"wpforms-288-field_2\" class=\"wpforms-field-sublabel after \">E-mail<\/label><\/div><div class=\"wpforms-field-row-block wpforms-one-half\"><input type=\"email\" id=\"wpforms-288-field_2-secondary\" class=\"wpforms-field-email-secondary wpforms-field-required\" data-rule-confirm=\"#wpforms-288-field_2\" name=\"wpforms[fields][2][secondary]\" required><label for=\"wpforms-288-field_2-secondary\" class=\"wpforms-field-sublabel after \">Confirmar e-mail<\/label><\/div><\/div><\/div><div id=\"wpforms-288-field_3-container\" class=\"wpforms-field wpforms-field-number\" data-field-id=\"3\"><label class=\"wpforms-field-label\" for=\"wpforms-288-field_3\">AGORA, NOS INFORME SEU WHATSAPP OU CELULAR: <span class=\"wpforms-required-label\">*<\/span><\/label><input type=\"number\" pattern=\"\\d*\" id=\"wpforms-288-field_3\" class=\"wpforms-field-medium wpforms-field-required\" name=\"wpforms[fields][3]\" required><\/div><div id=\"wpforms-288-field_4-container\" class=\"wpforms-field wpforms-field-radio wpforms-list-2-columns\" data-field-id=\"4\"><label class=\"wpforms-field-label\" for=\"wpforms-288-field_4\">DO QUE PRECISA? <span class=\"wpforms-required-label\">*<\/span><\/label><ul id=\"wpforms-288-field_4\" class=\"wpforms-field-required\"><li class=\"choice-1 depth-1\"><input type=\"radio\" id=\"wpforms-288-field_4_1\" name=\"wpforms[fields][4]\" value=\"MEDICINA E SA\u00daDE OCUPACIONAL\" required ><label class=\"wpforms-field-label-inline\" for=\"wpforms-288-field_4_1\">MEDICINA E SA\u00daDE OCUPACIONAL<\/label><\/li><li class=\"choice-2 depth-1\"><input type=\"radio\" id=\"wpforms-288-field_4_2\" name=\"wpforms[fields][4]\" value=\"SEGURAN\u00c7A DO TRABALHO\" required ><label class=\"wpforms-field-label-inline\" for=\"wpforms-288-field_4_2\">SEGURAN\u00c7A DO TRABALHO<\/label><\/li><li class=\"choice-3 depth-1\"><input type=\"radio\" id=\"wpforms-288-field_4_3\" name=\"wpforms[fields][4]\" value=\"MEIO AMBIENTE\" required ><label class=\"wpforms-field-label-inline\" for=\"wpforms-288-field_4_3\">MEIO AMBIENTE<\/label><\/li><li class=\"choice-4 depth-1\"><input type=\"radio\" id=\"wpforms-288-field_4_4\" name=\"wpforms[fields][4]\" value=\"BOMBEIROS\" required ><label class=\"wpforms-field-label-inline\" for=\"wpforms-288-field_4_4\">BOMBEIROS<\/label><\/li><li class=\"choice-5 depth-1\"><input type=\"radio\" id=\"wpforms-288-field_4_5\" name=\"wpforms[fields][4]\" value=\"LICEN\u00c7AS \" required ><label class=\"wpforms-field-label-inline\" for=\"wpforms-288-field_4_5\">LICEN\u00c7AS <\/label><\/li><li class=\"choice-6 depth-1\"><input type=\"radio\" id=\"wpforms-288-field_4_6\" name=\"wpforms[fields][4]\" value=\"AINDA N\u00c3O SEI, PRECISO DE TOTAL APOIO\" required ><label class=\"wpforms-field-label-inline\" for=\"wpforms-288-field_4_6\">AINDA N\u00c3O SEI, PRECISO DE TOTAL APOIO<\/label><\/li><\/ul><\/div><div id=\"wpforms-288-field_5-container\" class=\"wpforms-field wpforms-field-textarea\" data-field-id=\"5\"><label class=\"wpforms-field-label\" for=\"wpforms-288-field_5\">CONTE-NOS UM POUCO SOBRE SUA EMPRESA: <span class=\"wpforms-required-label\">*<\/span><\/label><textarea id=\"wpforms-288-field_5\" class=\"wpforms-field-medium wpforms-field-required\" name=\"wpforms[fields][5]\" required><\/textarea><\/div><div id=\"wpforms-288-field_7-container\" class=\"wpforms-field wpforms-field-text\" data-field-id=\"7\"><label class=\"wpforms-field-label\" for=\"wpforms-288-field_7\">QUANTOS EMPREGADOS POSSUI? <span class=\"wpforms-required-label\">*<\/span><\/label><input type=\"text\" id=\"wpforms-288-field_7\" class=\"wpforms-field-medium wpforms-field-required\" name=\"wpforms[fields][7]\" required><\/div><div id=\"wpforms-288-field_8-container\" class=\"wpforms-field wpforms-field-text\" data-field-id=\"8\"><label class=\"wpforms-field-label\" for=\"wpforms-288-field_8\">QUAL A ATIVIDADE PRINCIPAL DA SUA EMPRESA? <span class=\"wpforms-required-label\">*<\/span><\/label><input type=\"text\" id=\"wpforms-288-field_8\" class=\"wpforms-field-medium wpforms-field-required\" name=\"wpforms[fields][8]\" required><\/div><div id=\"wpforms-288-field_9-container\" class=\"wpforms-field wpforms-field-text\" data-field-id=\"9\"><label class=\"wpforms-field-label\" for=\"wpforms-288-field_9\">OS FUNCION\u00c1RIOS POSSUEM TREINAMENTOS? <span class=\"wpforms-required-label\">*<\/span><\/label><input type=\"text\" id=\"wpforms-288-field_9\" class=\"wpforms-field-medium wpforms-field-required\" name=\"wpforms[fields][9]\" required><div class=\"wpforms-field-description\">Exemplo: 5S, NR's, EPI's...<\/div><\/div><div id=\"wpforms-288-field_10-container\" class=\"wpforms-field wpforms-field-text\" data-field-id=\"10\"><label class=\"wpforms-field-label\" for=\"wpforms-288-field_10\">J\u00c1 POSSUI LTCAT, PCSMO, PCMAT, PPRA E PPP? <span class=\"wpforms-required-label\">*<\/span><\/label><input type=\"text\" id=\"wpforms-288-field_10\" class=\"wpforms-field-medium wpforms-field-required\" name=\"wpforms[fields][10]\" required><div class=\"wpforms-field-description\">E entre outros documentos relacionados.<\/div><\/div><div id=\"wpforms-288-field_11-container\" class=\"wpforms-field wpforms-field-textarea\" data-field-id=\"11\"><label class=\"wpforms-field-label\" for=\"wpforms-288-field_11\">DESCREVA SUA SOLICITA\u00c7\u00c3O: <span class=\"wpforms-required-label\">*<\/span><\/label><textarea id=\"wpforms-288-field_11\" class=\"wpforms-field-medium wpforms-field-required\" name=\"wpforms[fields][11]\" required><\/textarea><\/div><\/div><div class=\"wpforms-field wpforms-field-hp\"><label for=\"wpforms-288-field-hp\" class=\"wpforms-field-label\">Email<\/label><input type=\"text\" name=\"wpforms[hp]\" id=\"wpforms-288-field-hp\" class=\"wpforms-field-medium\"><\/div><div class=\"wpforms-submit-container\"><input type=\"hidden\" name=\"wpforms[id]\" value=\"288\"><input type=\"hidden\" name=\"wpforms[author]\" value=\"1\"><button type=\"submit\" name=\"wpforms[submit]\" id=\"wpforms-submit-288\" class=\"wpforms-submit\" data-alt-text=\"Solicitando...\" data-submit-text=\"SOLICITAR A CONSULTORIA\" aria-live=\"assertive\" value=\"wpforms-submit\">SOLICITAR A CONSULTORIA<\/button><img src=\"https:\/\/abreast.com.br\/wp-content\/plugins\/wpforms-lite\/assets\/images\/submit-spin.svg\" class=\"wpforms-submit-spinner\" style=\"display: none;\" width=\"26\" height=\"26\" alt=\"A Carregar\"><\/div><\/form><\/div>  <!-- .wpforms-container -->\n","protected":false},"excerpt":{"rendered":"<p>Est\u00e1 abrindo sua empresa? Sua empresa est\u00e1 crescendo? Precisa de ajuda na \u00e1rea de Seguran\u00e7a do Trabalho e Medicina Ocupacional? N\u00f3s te ajudamos! Antes de mais nada, precisamos entender o cen\u00e1rio da sua empresa. Preencha o formul\u00e1rio abaixo e aguarde o retorno de um de nossos engenheiros.<\/p>\n","protected":false},"author":1,"featured_media":0,"parent":0,"menu_order":0,"comment_status":"closed","ping_status":"closed","template":"","meta":{"_themeisle_gutenberg_block_has_review":false},"yoast_head":"<!-- This site is optimized with the Yoast SEO plugin v20.2 - https:\/\/yoast.com\/wordpress\/plugins\/seo\/ -->\n<title>Consultoria - Abreast - Seguran\u00e7a e Medicina do Trabalho<\/title>\n<meta name=\"description\" content=\"Abreast - Seguran\u00e7a e Medicina do Trabalho.\" \/>\n<meta name=\"robots\" content=\"index, follow, max-snippet:-1, max-image-preview:large, max-video-preview:-1\" \/>\n<link rel=\"canonical\" href=\"https:\/\/abreast.com.br\/index.php\/consultoria\/\" \/>\n<meta property=\"og:locale\" content=\"pt_BR\" \/>\n<meta property=\"og:type\" content=\"article\" \/>\n<meta property=\"og:title\" content=\"Consultoria - Abreast - Seguran\u00e7a e Medicina do Trabalho\" \/>\n<meta property=\"og:description\" content=\"Abreast - Seguran\u00e7a e Medicina do Trabalho.\" \/>\n<meta property=\"og:url\" content=\"https:\/\/abreast.com.br\/index.php\/consultoria\/\" \/>\n<meta property=\"og:site_name\" content=\"Abreast - Seguran\u00e7a e Medicina do Trabalho\" \/>\n<meta property=\"article:modified_time\" content=\"2019-12-17T00:01:32+00:00\" \/>\n<meta name=\"twitter:card\" content=\"summary_large_image\" \/>\n<script type=\"application\/ld+json\" class=\"yoast-schema-graph\">{\"@context\":\"https:\/\/schema.org\",\"@graph\":[{\"@type\":\"WebPage\",\"@id\":\"https:\/\/abreast.com.br\/index.php\/consultoria\/\",\"url\":\"https:\/\/abreast.com.br\/index.php\/consultoria\/\",\"name\":\"Consultoria - Abreast - Seguran\u00e7a e Medicina do Trabalho\",\"isPartOf\":{\"@id\":\"https:\/\/abreast.com.br\/#website\"},\"datePublished\":\"2019-12-16T23:46:13+00:00\",\"dateModified\":\"2019-12-17T00:01:32+00:00\",\"description\":\"Abreast - Seguran\u00e7a e Medicina do Trabalho.\",\"breadcrumb\":{\"@id\":\"https:\/\/abreast.com.br\/index.php\/consultoria\/#breadcrumb\"},\"inLanguage\":\"pt-BR\",\"potentialAction\":[{\"@type\":\"ReadAction\",\"target\":[\"https:\/\/abreast.com.br\/index.php\/consultoria\/\"]}]},{\"@type\":\"BreadcrumbList\",\"@id\":\"https:\/\/abreast.com.br\/index.php\/consultoria\/#breadcrumb\",\"itemListElement\":[{\"@type\":\"ListItem\",\"position\":1,\"name\":\"In\u00edcio\",\"item\":\"https:\/\/abreast.com.br\/\"},{\"@type\":\"ListItem\",\"position\":2,\"name\":\"Consultoria\"}]},{\"@type\":\"WebSite\",\"@id\":\"https:\/\/abreast.com.br\/#website\",\"url\":\"https:\/\/abreast.com.br\/\",\"name\":\"Abreast - Seguran\u00e7a e Medicina do Trabalho\",\"description\":\"Abreast - Seguran\u00e7a e Medicina do Trabalho\",\"publisher\":{\"@id\":\"https:\/\/abreast.com.br\/#organization\"},\"potentialAction\":[{\"@type\":\"SearchAction\",\"target\":{\"@type\":\"EntryPoint\",\"urlTemplate\":\"https:\/\/abreast.com.br\/?s={search_term_string}\"},\"query-input\":\"required name=search_term_string\"}],\"inLanguage\":\"pt-BR\"},{\"@type\":\"Organization\",\"@id\":\"https:\/\/abreast.com.br\/#organization\",\"name\":\"Abreast\",\"url\":\"https:\/\/abreast.com.br\/\",\"logo\":{\"@type\":\"ImageObject\",\"inLanguage\":\"pt-BR\",\"@id\":\"https:\/\/abreast.com.br\/#\/schema\/logo\/image\/\",\"url\":\"https:\/\/abreast.com.br\/wp-content\/uploads\/2019\/11\/logo-abreast.png\",\"contentUrl\":\"https:\/\/abreast.com.br\/wp-content\/uploads\/2019\/11\/logo-abreast.png\",\"width\":302,\"height\":127,\"caption\":\"Abreast\"},\"image\":{\"@id\":\"https:\/\/abreast.com.br\/#\/schema\/logo\/image\/\"}}]}<\/script>\n<!-- \/ Yoast SEO plugin. -->","yoast_head_json":{"title":"Consultoria - Abreast - Seguran\u00e7a e Medicina do Trabalho","description":"Abreast - Seguran\u00e7a e Medicina do Trabalho.","robots":{"index":"index","follow":"follow","max-snippet":"max-snippet:-1","max-image-preview":"max-image-preview:large","max-video-preview":"max-video-preview:-1"},"canonical":"https:\/\/abreast.com.br\/index.php\/consultoria\/","og_locale":"pt_BR","og_type":"article","og_title":"Consultoria - Abreast - Seguran\u00e7a e Medicina do Trabalho","og_description":"Abreast - Seguran\u00e7a e Medicina do Trabalho.","og_url":"https:\/\/abreast.com.br\/index.php\/consultoria\/","og_site_name":"Abreast - Seguran\u00e7a e Medicina do Trabalho","article_modified_time":"2019-12-17T00:01:32+00:00","twitter_card":"summary_large_image","schema":{"@context":"https:\/\/schema.org","@graph":[{"@type":"WebPage","@id":"https:\/\/abreast.com.br\/index.php\/consultoria\/","url":"https:\/\/abreast.com.br\/index.php\/consultoria\/","name":"Consultoria - Abreast - Seguran\u00e7a e Medicina do Trabalho","isPartOf":{"@id":"https:\/\/abreast.com.br\/#website"},"datePublished":"2019-12-16T23:46:13+00:00","dateModified":"2019-12-17T00:01:32+00:00","description":"Abreast - Seguran\u00e7a e Medicina do Trabalho.","breadcrumb":{"@id":"https:\/\/abreast.com.br\/index.php\/consultoria\/#breadcrumb"},"inLanguage":"pt-BR","potentialAction":[{"@type":"ReadAction","target":["https:\/\/abreast.com.br\/index.php\/consultoria\/"]}]},{"@type":"BreadcrumbList","@id":"https:\/\/abreast.com.br\/index.php\/consultoria\/#breadcrumb","itemListElement":[{"@type":"ListItem","position":1,"name":"In\u00edcio","item":"https:\/\/abreast.com.br\/"},{"@type":"ListItem","position":2,"name":"Consultoria"}]},{"@type":"WebSite","@id":"https:\/\/abreast.com.br\/#website","url":"https:\/\/abreast.com.br\/","name":"Abreast - Seguran\u00e7a e Medicina do Trabalho","description":"Abreast - Seguran\u00e7a e Medicina do Trabalho","publisher":{"@id":"https:\/\/abreast.com.br\/#organization"},"potentialAction":[{"@type":"SearchAction","target":{"@type":"EntryPoint","urlTemplate":"https:\/\/abreast.com.br\/?s={search_term_string}"},"query-input":"required name=search_term_string"}],"inLanguage":"pt-BR"},{"@type":"Organization","@id":"https:\/\/abreast.com.br\/#organization","name":"Abreast","url":"https:\/\/abreast.com.br\/","logo":{"@type":"ImageObject","inLanguage":"pt-BR","@id":"https:\/\/abreast.com.br\/#\/schema\/logo\/image\/","url":"https:\/\/abreast.com.br\/wp-content\/uploads\/2019\/11\/logo-abreast.png","contentUrl":"https:\/\/abreast.com.br\/wp-content\/uploads\/2019\/11\/logo-abreast.png","width":302,"height":127,"caption":"Abreast"},"image":{"@id":"https:\/\/abreast.com.br\/#\/schema\/logo\/image\/"}}]}},"_links":{"self":[{"href":"https:\/\/abreast.com.br\/index.php\/wp-json\/wp\/v2\/pages\/286"}],"collection":[{"href":"https:\/\/abreast.com.br\/index.php\/wp-json\/wp\/v2\/pages"}],"about":[{"href":"https:\/\/abreast.com.br\/index.php\/wp-json\/wp\/v2\/types\/page"}],"author":[{"embeddable":true,"href":"https:\/\/abreast.com.br\/index.php\/wp-json\/wp\/v2\/users\/1"}],"replies":[{"embeddable":true,"href":"https:\/\/abreast.com.br\/index.php\/wp-json\/wp\/v2\/comments?post=286"}],"version-history":[{"count":2,"href":"https:\/\/abreast.com.br\/index.php\/wp-json\/wp\/v2\/pages\/286\/revisions"}],"predecessor-version":[{"id":289,"href":"https:\/\/abreast.com.br\/index.php\/wp-json\/wp\/v2\/pages\/286\/revisions\/289"}],"wp:attachment":[{"href":"https:\/\/abreast.com.br\/index.php\/wp-json\/wp\/v2\/media?parent=286"}],"curies":[{"name":"wp","href":"https:\/\/api.w.org\/{rel}","templated":true}]}}