{"id":244,"date":"2019-12-10T19:55:09","date_gmt":"2019-12-10T22:55:09","guid":{"rendered":"https:\/\/abreast.com.br\/?page_id=244"},"modified":"2019-12-10T20:21:22","modified_gmt":"2019-12-10T23:21:22","slug":"mudancas-com-o-esocial","status":"publish","type":"page","link":"https:\/\/abreast.com.br\/index.php\/mudancas-com-o-esocial\/","title":{"rendered":"Mudan\u00e7as com o eSocial"},"content":{"rendered":"\n<h3 class=\"wp-block-heading\">O que \u00e9 o eSocial?<\/h3>\n\n\n\n<blockquote class=\"wp-block-quote\"><p> O Decreto n\u00ba 8373\/2014\u00a0instituiu o\u00a0<strong>Sistema de Escritura\u00e7\u00e3o Digital das Obriga\u00e7\u00f5es Fiscais, Previdenci\u00e1rias e Trabalhistas (eSocial).<\/strong>\u00a0Por meio desse sistema, os empregadores passar\u00e3o a comunicar ao Governo, de forma unificada, as informa\u00e7\u00f5es relativas aos trabalhadores, como v\u00ednculos, contribui\u00e7\u00f5es previdenci\u00e1rias, folha de pagamento, comunica\u00e7\u00f5es de acidente de trabalho, aviso pr\u00e9vio, escritura\u00e7\u00f5es fiscais e informa\u00e7\u00f5es sobre o FGTS. <\/p><cite>Fonte: Conhe\u00e7a o eSocial &#8211;  <a href=\"http:\/\/portal.esocial.gov.br\/institucional\/conheca-o\">http:\/\/portal.esocial.gov.br\/institucional\/conheca-o<\/a> <\/cite><\/blockquote>\n\n\n\n<p>Os documentos relacionados a seguran\u00e7a do trabalho e medicina ocupacional dever\u00e3o ser informados ao governo por meio da plataforma. A ideia desburocratizar o processo de envio das informa\u00e7\u00f5es trabalhistas e previdenci\u00e1rias.   <\/p>\n\n\n\n<h4 class=\"wp-block-heading\">Quais documentos ocupacionais e de seguran\u00e7a do trabalho dever\u00e3o ser informados?<\/h4>\n\n\n\n<ul><li><strong>PPP <\/strong>&#8211;  Perfil Profissiogr\u00e1fico Previdenci\u00e1rio;<\/li><li><strong>CAT<\/strong> &#8211; Comunica\u00e7\u00e3o de Acidente de Trabalho;<\/li><li><strong>PCMSO<\/strong> &#8211; Programa de Controle M\u00e9dico e Sa\u00fade Ocupacional;<\/li><li><strong>PGR<\/strong> &#8211; Programa de Gerenciamento de Riscos; <\/li><li><strong>LTCAT<\/strong> &#8211; Laudo T\u00e9cnico de Condi\u00e7\u00f5es Ambientais do Trabalho; <\/li><li><strong>PPRA<\/strong> &#8211; Programa de Preven\u00e7\u00e3o de Riscos Ambientais; <\/li><li><strong>PCMAT<\/strong> &#8211; Programa de Condi\u00e7\u00f5es e Meio Ambiente de Trabalho na Ind\u00fastria da Constru\u00e7\u00e3o; <\/li><\/ul>\n\n\n\n<p>As empresas dever\u00e3o se adequar para que a transmiss\u00e3o dessas informa\u00e7\u00f5es sejam feitas at\u00e9 o prazo estipulado pelo sistema. N\u00f3s oferecemos total apoio as empresas. Caso as empresas j\u00e1 possuam esses documentos \u00e9 s\u00f3 realizar o envio. Agora, caso n\u00e3o tenha, chegou a hora de agirmos. Solicite uma cota\u00e7\u00e3o e lhe responderemos o mais r\u00e1pido poss\u00edvel.<\/p>\n","protected":false},"excerpt":{"rendered":"<p>O que \u00e9 o eSocial? O Decreto n\u00ba 8373\/2014\u00a0instituiu o\u00a0Sistema de Escritura\u00e7\u00e3o Digital das Obriga\u00e7\u00f5es Fiscais, Previdenci\u00e1rias e Trabalhistas (eSocial).\u00a0Por meio desse sistema, os empregadores passar\u00e3o a comunicar ao Governo, de forma unificada, as informa\u00e7\u00f5es relativas aos trabalhadores, como v\u00ednculos, contribui\u00e7\u00f5es previdenci\u00e1rias, folha de pagamento, comunica\u00e7\u00f5es de acidente de trabalho, aviso pr\u00e9vio, escritura\u00e7\u00f5es fiscais e informa\u00e7\u00f5es sobre o FGTS. Fonte: Conhe\u00e7a o eSocial &#8211; http:\/\/portal.esocial.gov.br\/institucional\/conheca-o Os documentos relacionados a seguran\u00e7a do trabalho e medicina ocupacional dever\u00e3o ser informados ao governo por meio da plataforma. A ideia desburocratizar o processo de envio das informa\u00e7\u00f5es trabalhistas e previdenci\u00e1rias. Quais documentos ocupacionais e&hellip; <br \/> <a class=\"button small blue\" href=\"https:\/\/abreast.com.br\/index.php\/mudancas-com-o-esocial\/\">Leia mais<\/a><\/p>\n","protected":false},"author":1,"featured_media":0,"parent":0,"menu_order":0,"comment_status":"closed","ping_status":"closed","template":"","meta":{"_themeisle_gutenberg_block_has_review":false},"yoast_head":"<!-- This site is optimized with the Yoast SEO plugin v20.2 - https:\/\/yoast.com\/wordpress\/plugins\/seo\/ -->\n<title>Mudan\u00e7as com o eSocial - Abreast - Seguran\u00e7a e Medicina do Trabalho<\/title>\n<meta name=\"description\" content=\"Abreast - Seguran\u00e7a e Medicina do Trabalho.\" \/>\n<meta name=\"robots\" content=\"index, follow, max-snippet:-1, max-image-preview:large, max-video-preview:-1\" \/>\n<link rel=\"canonical\" href=\"https:\/\/abreast.com.br\/index.php\/mudancas-com-o-esocial\/\" \/>\n<meta property=\"og:locale\" content=\"pt_BR\" \/>\n<meta property=\"og:type\" content=\"article\" \/>\n<meta property=\"og:title\" content=\"Mudan\u00e7as com o eSocial - Abreast - Seguran\u00e7a e Medicina do Trabalho\" \/>\n<meta property=\"og:description\" content=\"Abreast - Seguran\u00e7a e Medicina do Trabalho.\" \/>\n<meta property=\"og:url\" content=\"https:\/\/abreast.com.br\/index.php\/mudancas-com-o-esocial\/\" \/>\n<meta property=\"og:site_name\" content=\"Abreast - Seguran\u00e7a e Medicina do Trabalho\" \/>\n<meta property=\"article:modified_time\" content=\"2019-12-10T23:21:22+00:00\" \/>\n<meta name=\"twitter:card\" content=\"summary_large_image\" \/>\n<meta name=\"twitter:label1\" content=\"Est. tempo de leitura\" \/>\n\t<meta name=\"twitter:data1\" content=\"1 minuto\" \/>\n<script type=\"application\/ld+json\" class=\"yoast-schema-graph\">{\"@context\":\"https:\/\/schema.org\",\"@graph\":[{\"@type\":\"WebPage\",\"@id\":\"https:\/\/abreast.com.br\/index.php\/mudancas-com-o-esocial\/\",\"url\":\"https:\/\/abreast.com.br\/index.php\/mudancas-com-o-esocial\/\",\"name\":\"Mudan\u00e7as com o eSocial - Abreast - Seguran\u00e7a e Medicina do Trabalho\",\"isPartOf\":{\"@id\":\"https:\/\/abreast.com.br\/#website\"},\"datePublished\":\"2019-12-10T22:55:09+00:00\",\"dateModified\":\"2019-12-10T23:21:22+00:00\",\"description\":\"Abreast - Seguran\u00e7a e Medicina do Trabalho.\",\"breadcrumb\":{\"@id\":\"https:\/\/abreast.com.br\/index.php\/mudancas-com-o-esocial\/#breadcrumb\"},\"inLanguage\":\"pt-BR\",\"potentialAction\":[{\"@type\":\"ReadAction\",\"target\":[\"https:\/\/abreast.com.br\/index.php\/mudancas-com-o-esocial\/\"]}]},{\"@type\":\"BreadcrumbList\",\"@id\":\"https:\/\/abreast.com.br\/index.php\/mudancas-com-o-esocial\/#breadcrumb\",\"itemListElement\":[{\"@type\":\"ListItem\",\"position\":1,\"name\":\"In\u00edcio\",\"item\":\"https:\/\/abreast.com.br\/\"},{\"@type\":\"ListItem\",\"position\":2,\"name\":\"Mudan\u00e7as com o eSocial\"}]},{\"@type\":\"WebSite\",\"@id\":\"https:\/\/abreast.com.br\/#website\",\"url\":\"https:\/\/abreast.com.br\/\",\"name\":\"Abreast - Seguran\u00e7a e Medicina do Trabalho\",\"description\":\"Abreast - Seguran\u00e7a e Medicina do Trabalho\",\"publisher\":{\"@id\":\"https:\/\/abreast.com.br\/#organization\"},\"potentialAction\":[{\"@type\":\"SearchAction\",\"target\":{\"@type\":\"EntryPoint\",\"urlTemplate\":\"https:\/\/abreast.com.br\/?s={search_term_string}\"},\"query-input\":\"required name=search_term_string\"}],\"inLanguage\":\"pt-BR\"},{\"@type\":\"Organization\",\"@id\":\"https:\/\/abreast.com.br\/#organization\",\"name\":\"Abreast\",\"url\":\"https:\/\/abreast.com.br\/\",\"logo\":{\"@type\":\"ImageObject\",\"inLanguage\":\"pt-BR\",\"@id\":\"https:\/\/abreast.com.br\/#\/schema\/logo\/image\/\",\"url\":\"https:\/\/abreast.com.br\/wp-content\/uploads\/2019\/11\/logo-abreast.png\",\"contentUrl\":\"https:\/\/abreast.com.br\/wp-content\/uploads\/2019\/11\/logo-abreast.png\",\"width\":302,\"height\":127,\"caption\":\"Abreast\"},\"image\":{\"@id\":\"https:\/\/abreast.com.br\/#\/schema\/logo\/image\/\"}}]}<\/script>\n<!-- \/ Yoast SEO plugin. -->","yoast_head_json":{"title":"Mudan\u00e7as com o eSocial - Abreast - Seguran\u00e7a e Medicina do Trabalho","description":"Abreast - Seguran\u00e7a e Medicina do Trabalho.","robots":{"index":"index","follow":"follow","max-snippet":"max-snippet:-1","max-image-preview":"max-image-preview:large","max-video-preview":"max-video-preview:-1"},"canonical":"https:\/\/abreast.com.br\/index.php\/mudancas-com-o-esocial\/","og_locale":"pt_BR","og_type":"article","og_title":"Mudan\u00e7as com o eSocial - Abreast - Seguran\u00e7a e Medicina do Trabalho","og_description":"Abreast - Seguran\u00e7a e Medicina do Trabalho.","og_url":"https:\/\/abreast.com.br\/index.php\/mudancas-com-o-esocial\/","og_site_name":"Abreast - Seguran\u00e7a e Medicina do Trabalho","article_modified_time":"2019-12-10T23:21:22+00:00","twitter_card":"summary_large_image","twitter_misc":{"Est. tempo de leitura":"1 minuto"},"schema":{"@context":"https:\/\/schema.org","@graph":[{"@type":"WebPage","@id":"https:\/\/abreast.com.br\/index.php\/mudancas-com-o-esocial\/","url":"https:\/\/abreast.com.br\/index.php\/mudancas-com-o-esocial\/","name":"Mudan\u00e7as com o eSocial - Abreast - Seguran\u00e7a e Medicina do Trabalho","isPartOf":{"@id":"https:\/\/abreast.com.br\/#website"},"datePublished":"2019-12-10T22:55:09+00:00","dateModified":"2019-12-10T23:21:22+00:00","description":"Abreast - Seguran\u00e7a e Medicina do Trabalho.","breadcrumb":{"@id":"https:\/\/abreast.com.br\/index.php\/mudancas-com-o-esocial\/#breadcrumb"},"inLanguage":"pt-BR","potentialAction":[{"@type":"ReadAction","target":["https:\/\/abreast.com.br\/index.php\/mudancas-com-o-esocial\/"]}]},{"@type":"BreadcrumbList","@id":"https:\/\/abreast.com.br\/index.php\/mudancas-com-o-esocial\/#breadcrumb","itemListElement":[{"@type":"ListItem","position":1,"name":"In\u00edcio","item":"https:\/\/abreast.com.br\/"},{"@type":"ListItem","position":2,"name":"Mudan\u00e7as com o eSocial"}]},{"@type":"WebSite","@id":"https:\/\/abreast.com.br\/#website","url":"https:\/\/abreast.com.br\/","name":"Abreast - Seguran\u00e7a e Medicina do Trabalho","description":"Abreast - Seguran\u00e7a e Medicina do Trabalho","publisher":{"@id":"https:\/\/abreast.com.br\/#organization"},"potentialAction":[{"@type":"SearchAction","target":{"@type":"EntryPoint","urlTemplate":"https:\/\/abreast.com.br\/?s={search_term_string}"},"query-input":"required name=search_term_string"}],"inLanguage":"pt-BR"},{"@type":"Organization","@id":"https:\/\/abreast.com.br\/#organization","name":"Abreast","url":"https:\/\/abreast.com.br\/","logo":{"@type":"ImageObject","inLanguage":"pt-BR","@id":"https:\/\/abreast.com.br\/#\/schema\/logo\/image\/","url":"https:\/\/abreast.com.br\/wp-content\/uploads\/2019\/11\/logo-abreast.png","contentUrl":"https:\/\/abreast.com.br\/wp-content\/uploads\/2019\/11\/logo-abreast.png","width":302,"height":127,"caption":"Abreast"},"image":{"@id":"https:\/\/abreast.com.br\/#\/schema\/logo\/image\/"}}]}},"_links":{"self":[{"href":"https:\/\/abreast.com.br\/index.php\/wp-json\/wp\/v2\/pages\/244"}],"collection":[{"href":"https:\/\/abreast.com.br\/index.php\/wp-json\/wp\/v2\/pages"}],"about":[{"href":"https:\/\/abreast.com.br\/index.php\/wp-json\/wp\/v2\/types\/page"}],"author":[{"embeddable":true,"href":"https:\/\/abreast.com.br\/index.php\/wp-json\/wp\/v2\/users\/1"}],"replies":[{"embeddable":true,"href":"https:\/\/abreast.com.br\/index.php\/wp-json\/wp\/v2\/comments?post=244"}],"version-history":[{"count":10,"href":"https:\/\/abreast.com.br\/index.php\/wp-json\/wp\/v2\/pages\/244\/revisions"}],"predecessor-version":[{"id":255,"href":"https:\/\/abreast.com.br\/index.php\/wp-json\/wp\/v2\/pages\/244\/revisions\/255"}],"wp:attachment":[{"href":"https:\/\/abreast.com.br\/index.php\/wp-json\/wp\/v2\/media?parent=244"}],"curies":[{"name":"wp","href":"https:\/\/api.w.org\/{rel}","templated":true}]}}