{"id":233,"date":"2019-12-07T17:01:46","date_gmt":"2019-12-07T20:01:46","guid":{"rendered":"https:\/\/abreast.com.br\/?page_id=233"},"modified":"2019-12-07T17:03:42","modified_gmt":"2019-12-07T20:03:42","slug":"nos-conheca-mais-um-pouquinho","status":"publish","type":"page","link":"https:\/\/abreast.com.br\/index.php\/nos-conheca-mais-um-pouquinho\/","title":{"rendered":"Nos conhe\u00e7a mais um pouquinho"},"content":{"rendered":"\n<p><strong><em>ABREAST<\/em><\/strong> &#8211; Consultoria, Gest\u00e3o e Treinamento \u00e9 uma empresa que atua nas \u00e1reas de Seguran\u00e7a do Trabalho, Sa\u00fade Ocupacional.<\/p>\n\n\n\n<p>Temos uma equipe altamente qualificada pronta para lidar com qualquer desafio relacionado ao nosso ramo de atua\u00e7\u00e3o.<\/p>\n\n\n\n<p>Podemos ajud\u00e1-lo a aumentar a produtividade, economizar tempo, otimizar processos, maximizar a rentabilidade, reduzir os \u00edndices de acidentes do trabalho, afastamentos, processos trabalhistas e o desenvolvimento de doen\u00e7as ocupacionais.<\/p>\n\n\n\n<p>A atua\u00e7\u00e3o da <strong><em>ABREAST<\/em><\/strong> \u00e9 fundamentada no processo da necessidade espec\u00edfica das empresas \u00e9 tratada atrav\u00e9s de orienta\u00e7\u00f5es, recomenda\u00e7\u00f5es e indica\u00e7\u00f5es de alternativas, sempre consolidadas para a tomada de decis\u00e3o dos clientes.<\/p>\n\n\n\n<p>Todos os servi\u00e7os da <strong><em>ABREAST<\/em><\/strong> s\u00e3o ministrados segundo uma metodologia pr\u00f3pria (ABREAST), respeitando e oferecendo trabalhos diferenciados e espec\u00edficos aos seus clientes, podendo ser claro e eficiente na transfer\u00eancia de informa\u00e7\u00f5es.<\/p>\n\n\n\n<p>Nossa identidade<\/p>\n\n\n\n<p>A identifica\u00e7\u00e3o da necessidade de uma consultoria de Seguran\u00e7a, Sa\u00fade e Meio Ambiente que reunisse ao mesmo tempo o mais alto padr\u00e3o de qualidade e profissionalismo e que tivesse como base o compromisso em contribuir para a vida das pessoas foi a raz\u00e3o do nascimento da <strong><em>ABREAST<\/em><\/strong> no ano de 2014.<\/p>\n\n\n\n<p>Somos uma empresa engajada no trabalho de constru\u00e7\u00e3o desta cultura, atrav\u00e9s de consultoria, treinamento e desenvolvimento de produtos e servi\u00e7os espec\u00edficos, alinhados a necessidade e o sucesso dos nossos clientes.<br><\/p>\n\n\n\n<h4 class=\"wp-block-heading\"><strong>Miss\u00e3o\u00a0<\/strong><\/h4>\n\n\n\n<p>Desenvolver solu\u00e7\u00f5es em Engenharia de Seguran\u00e7a do Trabalho, Sa\u00fade e Meio Ambiente, atrav\u00e9s da excel\u00eancia na presta\u00e7\u00e3o de servi\u00e7os de consultoria, com foco no sucesso dos nossos clientes, satisfa\u00e7\u00e3o dos nossos colaboradores e desenvolvimento do nosso pa\u00eds.<\/p>\n\n\n\n<h4 class=\"wp-block-heading\"><strong>Vis\u00e3o<\/strong><\/h4>\n\n\n\n<p>Ser reconhecida com excel\u00eancia como modelo em Consultoria de Engenharia e Seguran\u00e7a do Trabalho, Sa\u00fade e Meio Ambiente, contribuindo implanta\u00e7\u00e3o desta cultura no pa\u00eds.<\/p>\n\n\n\n<h4 class=\"wp-block-heading\"><strong>Valores&nbsp;<\/strong><\/h4>\n\n\n\n<p>Valoriza\u00e7\u00e3o \u2013 O ser humano est\u00e1 no centro de nossas a\u00e7\u00f5es. Agimos de forma a melhorar a vida das pessoas;<\/p>\n\n\n\n<p>Reconhecimento \u2013 Queremos ser valorizados como especialistas no que fazemos e ser apontados como exemplo para clientes, concorrentes e outras empresas;<\/p>\n\n\n\n<p>\u00c9tica \u2013 Assumimos um comportamento justo e adequado em nossa forma de se relacionar com clientes, colaboradores, fornecedores, parceiros, concorrentes e com a sociedade como um todo;<\/p>\n\n\n\n<p>Credibilidade \u2013 Assumimos apenas compromissos que podemos cumprir e cumprimos todos os compromissos que assumimos;<br><\/p>\n","protected":false},"excerpt":{"rendered":"<p>ABREAST &#8211; Consultoria, Gest\u00e3o e Treinamento \u00e9 uma empresa que atua nas \u00e1reas de Seguran\u00e7a do Trabalho, Sa\u00fade Ocupacional. Temos uma equipe altamente qualificada pronta para lidar com qualquer desafio relacionado ao nosso ramo de atua\u00e7\u00e3o. Podemos ajud\u00e1-lo a aumentar a produtividade, economizar tempo, otimizar processos, maximizar a rentabilidade, reduzir os \u00edndices de acidentes do trabalho, afastamentos, processos trabalhistas e o desenvolvimento de doen\u00e7as ocupacionais. A atua\u00e7\u00e3o da ABREAST \u00e9 fundamentada no processo da necessidade espec\u00edfica das empresas \u00e9 tratada atrav\u00e9s de orienta\u00e7\u00f5es, recomenda\u00e7\u00f5es e indica\u00e7\u00f5es de alternativas, sempre consolidadas para a tomada de decis\u00e3o dos clientes. Todos os servi\u00e7os&hellip; <br \/> <a class=\"button small blue\" href=\"https:\/\/abreast.com.br\/index.php\/nos-conheca-mais-um-pouquinho\/\">Leia mais<\/a><\/p>\n","protected":false},"author":1,"featured_media":0,"parent":0,"menu_order":0,"comment_status":"closed","ping_status":"closed","template":"","meta":{"_themeisle_gutenberg_block_has_review":false},"yoast_head":"<!-- This site is optimized with the Yoast SEO plugin v20.2 - https:\/\/yoast.com\/wordpress\/plugins\/seo\/ -->\n<title>Nos conhe\u00e7a mais um pouquinho - Abreast - Seguran\u00e7a e Medicina do Trabalho<\/title>\n<meta name=\"description\" content=\"Abreast - Seguran\u00e7a e Medicina do Trabalho.\" \/>\n<meta name=\"robots\" content=\"index, follow, max-snippet:-1, max-image-preview:large, max-video-preview:-1\" \/>\n<link rel=\"canonical\" href=\"https:\/\/abreast.com.br\/index.php\/nos-conheca-mais-um-pouquinho\/\" \/>\n<meta property=\"og:locale\" content=\"pt_BR\" \/>\n<meta property=\"og:type\" content=\"article\" \/>\n<meta property=\"og:title\" content=\"Nos conhe\u00e7a mais um pouquinho - Abreast - Seguran\u00e7a e Medicina do Trabalho\" \/>\n<meta property=\"og:description\" content=\"Abreast - Seguran\u00e7a e Medicina do Trabalho.\" \/>\n<meta property=\"og:url\" content=\"https:\/\/abreast.com.br\/index.php\/nos-conheca-mais-um-pouquinho\/\" \/>\n<meta property=\"og:site_name\" content=\"Abreast - Seguran\u00e7a e Medicina do Trabalho\" \/>\n<meta property=\"article:modified_time\" content=\"2019-12-07T20:03:42+00:00\" \/>\n<meta name=\"twitter:card\" content=\"summary_large_image\" \/>\n<meta name=\"twitter:label1\" content=\"Est. tempo de leitura\" \/>\n\t<meta name=\"twitter:data1\" content=\"2 minutos\" \/>\n<script type=\"application\/ld+json\" class=\"yoast-schema-graph\">{\"@context\":\"https:\/\/schema.org\",\"@graph\":[{\"@type\":\"WebPage\",\"@id\":\"https:\/\/abreast.com.br\/index.php\/nos-conheca-mais-um-pouquinho\/\",\"url\":\"https:\/\/abreast.com.br\/index.php\/nos-conheca-mais-um-pouquinho\/\",\"name\":\"Nos conhe\u00e7a mais um pouquinho - Abreast - Seguran\u00e7a e Medicina do Trabalho\",\"isPartOf\":{\"@id\":\"https:\/\/abreast.com.br\/#website\"},\"datePublished\":\"2019-12-07T20:01:46+00:00\",\"dateModified\":\"2019-12-07T20:03:42+00:00\",\"description\":\"Abreast - Seguran\u00e7a e Medicina do Trabalho.\",\"breadcrumb\":{\"@id\":\"https:\/\/abreast.com.br\/index.php\/nos-conheca-mais-um-pouquinho\/#breadcrumb\"},\"inLanguage\":\"pt-BR\",\"potentialAction\":[{\"@type\":\"ReadAction\",\"target\":[\"https:\/\/abreast.com.br\/index.php\/nos-conheca-mais-um-pouquinho\/\"]}]},{\"@type\":\"BreadcrumbList\",\"@id\":\"https:\/\/abreast.com.br\/index.php\/nos-conheca-mais-um-pouquinho\/#breadcrumb\",\"itemListElement\":[{\"@type\":\"ListItem\",\"position\":1,\"name\":\"In\u00edcio\",\"item\":\"https:\/\/abreast.com.br\/\"},{\"@type\":\"ListItem\",\"position\":2,\"name\":\"Nos conhe\u00e7a mais um pouquinho\"}]},{\"@type\":\"WebSite\",\"@id\":\"https:\/\/abreast.com.br\/#website\",\"url\":\"https:\/\/abreast.com.br\/\",\"name\":\"Abreast - Seguran\u00e7a e Medicina do Trabalho\",\"description\":\"Abreast - Seguran\u00e7a e Medicina do Trabalho\",\"publisher\":{\"@id\":\"https:\/\/abreast.com.br\/#organization\"},\"potentialAction\":[{\"@type\":\"SearchAction\",\"target\":{\"@type\":\"EntryPoint\",\"urlTemplate\":\"https:\/\/abreast.com.br\/?s={search_term_string}\"},\"query-input\":\"required name=search_term_string\"}],\"inLanguage\":\"pt-BR\"},{\"@type\":\"Organization\",\"@id\":\"https:\/\/abreast.com.br\/#organization\",\"name\":\"Abreast\",\"url\":\"https:\/\/abreast.com.br\/\",\"logo\":{\"@type\":\"ImageObject\",\"inLanguage\":\"pt-BR\",\"@id\":\"https:\/\/abreast.com.br\/#\/schema\/logo\/image\/\",\"url\":\"https:\/\/abreast.com.br\/wp-content\/uploads\/2019\/11\/logo-abreast.png\",\"contentUrl\":\"https:\/\/abreast.com.br\/wp-content\/uploads\/2019\/11\/logo-abreast.png\",\"width\":302,\"height\":127,\"caption\":\"Abreast\"},\"image\":{\"@id\":\"https:\/\/abreast.com.br\/#\/schema\/logo\/image\/\"}}]}<\/script>\n<!-- \/ Yoast SEO plugin. -->","yoast_head_json":{"title":"Nos conhe\u00e7a mais um pouquinho - Abreast - Seguran\u00e7a e Medicina do Trabalho","description":"Abreast - Seguran\u00e7a e Medicina do Trabalho.","robots":{"index":"index","follow":"follow","max-snippet":"max-snippet:-1","max-image-preview":"max-image-preview:large","max-video-preview":"max-video-preview:-1"},"canonical":"https:\/\/abreast.com.br\/index.php\/nos-conheca-mais-um-pouquinho\/","og_locale":"pt_BR","og_type":"article","og_title":"Nos conhe\u00e7a mais um pouquinho - Abreast - Seguran\u00e7a e Medicina do Trabalho","og_description":"Abreast - Seguran\u00e7a e Medicina do Trabalho.","og_url":"https:\/\/abreast.com.br\/index.php\/nos-conheca-mais-um-pouquinho\/","og_site_name":"Abreast - Seguran\u00e7a e Medicina do Trabalho","article_modified_time":"2019-12-07T20:03:42+00:00","twitter_card":"summary_large_image","twitter_misc":{"Est. tempo de leitura":"2 minutos"},"schema":{"@context":"https:\/\/schema.org","@graph":[{"@type":"WebPage","@id":"https:\/\/abreast.com.br\/index.php\/nos-conheca-mais-um-pouquinho\/","url":"https:\/\/abreast.com.br\/index.php\/nos-conheca-mais-um-pouquinho\/","name":"Nos conhe\u00e7a mais um pouquinho - Abreast - Seguran\u00e7a e Medicina do Trabalho","isPartOf":{"@id":"https:\/\/abreast.com.br\/#website"},"datePublished":"2019-12-07T20:01:46+00:00","dateModified":"2019-12-07T20:03:42+00:00","description":"Abreast - Seguran\u00e7a e Medicina do Trabalho.","breadcrumb":{"@id":"https:\/\/abreast.com.br\/index.php\/nos-conheca-mais-um-pouquinho\/#breadcrumb"},"inLanguage":"pt-BR","potentialAction":[{"@type":"ReadAction","target":["https:\/\/abreast.com.br\/index.php\/nos-conheca-mais-um-pouquinho\/"]}]},{"@type":"BreadcrumbList","@id":"https:\/\/abreast.com.br\/index.php\/nos-conheca-mais-um-pouquinho\/#breadcrumb","itemListElement":[{"@type":"ListItem","position":1,"name":"In\u00edcio","item":"https:\/\/abreast.com.br\/"},{"@type":"ListItem","position":2,"name":"Nos conhe\u00e7a mais um pouquinho"}]},{"@type":"WebSite","@id":"https:\/\/abreast.com.br\/#website","url":"https:\/\/abreast.com.br\/","name":"Abreast - Seguran\u00e7a e Medicina do Trabalho","description":"Abreast - Seguran\u00e7a e Medicina do Trabalho","publisher":{"@id":"https:\/\/abreast.com.br\/#organization"},"potentialAction":[{"@type":"SearchAction","target":{"@type":"EntryPoint","urlTemplate":"https:\/\/abreast.com.br\/?s={search_term_string}"},"query-input":"required name=search_term_string"}],"inLanguage":"pt-BR"},{"@type":"Organization","@id":"https:\/\/abreast.com.br\/#organization","name":"Abreast","url":"https:\/\/abreast.com.br\/","logo":{"@type":"ImageObject","inLanguage":"pt-BR","@id":"https:\/\/abreast.com.br\/#\/schema\/logo\/image\/","url":"https:\/\/abreast.com.br\/wp-content\/uploads\/2019\/11\/logo-abreast.png","contentUrl":"https:\/\/abreast.com.br\/wp-content\/uploads\/2019\/11\/logo-abreast.png","width":302,"height":127,"caption":"Abreast"},"image":{"@id":"https:\/\/abreast.com.br\/#\/schema\/logo\/image\/"}}]}},"_links":{"self":[{"href":"https:\/\/abreast.com.br\/index.php\/wp-json\/wp\/v2\/pages\/233"}],"collection":[{"href":"https:\/\/abreast.com.br\/index.php\/wp-json\/wp\/v2\/pages"}],"about":[{"href":"https:\/\/abreast.com.br\/index.php\/wp-json\/wp\/v2\/types\/page"}],"author":[{"embeddable":true,"href":"https:\/\/abreast.com.br\/index.php\/wp-json\/wp\/v2\/users\/1"}],"replies":[{"embeddable":true,"href":"https:\/\/abreast.com.br\/index.php\/wp-json\/wp\/v2\/comments?post=233"}],"version-history":[{"count":2,"href":"https:\/\/abreast.com.br\/index.php\/wp-json\/wp\/v2\/pages\/233\/revisions"}],"predecessor-version":[{"id":236,"href":"https:\/\/abreast.com.br\/index.php\/wp-json\/wp\/v2\/pages\/233\/revisions\/236"}],"wp:attachment":[{"href":"https:\/\/abreast.com.br\/index.php\/wp-json\/wp\/v2\/media?parent=233"}],"curies":[{"name":"wp","href":"https:\/\/api.w.org\/{rel}","templated":true}]}}