{"id":204,"date":"2019-12-07T11:31:21","date_gmt":"2019-12-07T14:31:21","guid":{"rendered":"https:\/\/abreast.com.br\/?page_id=204"},"modified":"2019-12-07T12:04:32","modified_gmt":"2019-12-07T15:04:32","slug":"ambiental","status":"publish","type":"page","link":"https:\/\/abreast.com.br\/index.php\/ambiental\/","title":{"rendered":"Ambiental"},"content":{"rendered":"\n<h2 class=\"wp-block-heading\">Quais os servi\u00e7os ambientais que n\u00f3s fazemos?<\/h2>\n\n\n\n<p class=\"has-medium-font-size\">N\u00f3s analisamos, documentamos, licenciamos e treinamos, relacionado ao ambiente que a organiza\u00e7\u00e3o se encontra.<\/p>\n\n\n\n<style>\n.txtemp1 li {font-size:18px; margin-bottom: 15px;}\n<\/style>\n\n\n\n<ul class=\"txtemp1\"><li><strong>Obten\u00e7\u00e3o de Licen\u00e7a ambiental<\/strong> conforme a  Lei 6.938\/81 \/ Resolu\u00e7\u00f5es CONAMA 001\/86 &#8211; 237\/97. <\/li><li> <strong>PGRS \u2013 Programa de Gerenciamento de Res\u00edduos S\u00f3lidos<\/strong>  conforme a  Lei 12.305\/2010.  Nosso objetivo \u00e9  Fornecer um Programa de Gerenciamento dos Res\u00edduos S\u00f3lidos produzidos pela empresa\/ind\u00fastria.<\/li><li> <strong>PCA \u2013 Plano de Controle Ambiental<\/strong>  conforme  CONAMA 9 e 10\/1990. Nosso objetivo \u00e9  Produzir projetos executivos de minimiza\u00e7\u00e3o dos impactos ambientais avaliados.<\/li><li> <strong>RAS \u2013 Relat\u00f3rio Ambiental Simplificado<\/strong> conforme  Lei 1.356\/1988. Nosso objetivo \u00e9  Oferecer elementos para a an\u00e1lise da viabilidade ambiental do empreendimento ou atividades consideradas potencial ou efetivamente causadoras de degrada\u00e7\u00e3o do meio ambiente. <\/li><li> <strong>RCA \u2013 Relat\u00f3rio de Controle Ambiental<\/strong> conforme  CONAMA 23\/ 1994. Nosso objetivo \u00e9  Produzir documenta\u00e7\u00e3o visando o melhor controle e gest\u00e3o ambiental das atividades relacionadas.<\/li><li> \u00a0<strong>PBA \u2013 Plano B\u00e1sico Ambiental<\/strong>. Nosso objetivo \u00e9  Produzir documenta\u00e7\u00e3o que defina as a\u00e7\u00f5es e programas a serem desenvolvidos em todas as etapas do projeto, desde o in\u00edcio das obras at\u00e9 a etapa de opera\u00e7\u00e3o do empreendimento e seu monitoramento.  <\/li><li> <strong>AIA \u2013 Avalia\u00e7\u00e3o de Impacto Ambiental<\/strong> conforme a  CONAMA 001\/1986 . Nosso objetivo \u00e9  Produzir um instrumento para an\u00e1lise dos poss\u00edveis danos\/impactos ambientais existentes. <\/li><li> <strong>EIA \u2013 Estudo de Impacto Ambiental<\/strong> conforme  CONAMA 001\/1986. Nosso objetivo \u00e9  Produzir um estudo detalhado sobre os impactos ambientais associados a um tipo de empreendimento. <\/li><li> <strong>RIMA &#8211; Relat\u00f3rio de Impacto Ambiental<\/strong> conforme a  CONAMA 001\/1986. Nosso objetivo \u00e9  Produzir um relat\u00f3rio resumido oriundo do EIA. <\/li><li> <strong>DIA \u2013 Diagn\u00f3stico de Impacto Ambiental<\/strong> conforme a  CONAMA 001\/1986. Nosso objetivo \u00e9  Produzir documenta\u00e7\u00e3o descritiva e anal\u00edtica dos recursos ambientais e suas intera\u00e7\u00f5es, de modo a caracterizar a situa\u00e7\u00e3o ambiental da \u00e1rea. <\/li><li><strong>PRAD \u2013 Plano de Recupera\u00e7\u00e3o de \u00c1reas Degradadas<\/strong> conforme a  Constitui\u00e7\u00e3o Federal de 1988 &#8211; Art. 225 e  CONAMA &#8211; 369\/2006 &#8211; Art. 7 <\/li><li><strong>PGR \u2013 Plano de Gerenciamento do Riscos<\/strong> conforme a  CONAMA 273\/2000. Nosso objetivo \u00e9  Produzir documenta\u00e7\u00e3o detalhada com informa\u00e7\u00f5es e orienta\u00e7\u00f5es aos respons\u00e1veis, trabalhadores e usu\u00e1rios referente a preven\u00e7\u00e3o de acidentes e riscos ambientais presentes. <\/li><\/ul>\n\n\n\n<p><\/p>\n","protected":false},"excerpt":{"rendered":"<p>Quais os servi\u00e7os ambientais que n\u00f3s fazemos? N\u00f3s analisamos, documentamos, licenciamos e treinamos, relacionado ao ambiente que a organiza\u00e7\u00e3o se encontra. Obten\u00e7\u00e3o de Licen\u00e7a ambiental conforme a Lei 6.938\/81 \/ Resolu\u00e7\u00f5es CONAMA 001\/86 &#8211; 237\/97. PGRS \u2013 Programa de Gerenciamento de Res\u00edduos S\u00f3lidos conforme a Lei 12.305\/2010. Nosso objetivo \u00e9 Fornecer um Programa de Gerenciamento dos Res\u00edduos S\u00f3lidos produzidos pela empresa\/ind\u00fastria. PCA \u2013 Plano de Controle Ambiental conforme CONAMA 9 e 10\/1990. Nosso objetivo \u00e9 Produzir projetos executivos de minimiza\u00e7\u00e3o dos impactos ambientais avaliados. RAS \u2013 Relat\u00f3rio Ambiental Simplificado conforme Lei 1.356\/1988. Nosso objetivo \u00e9 Oferecer elementos para a an\u00e1lise&hellip; <br \/> <a class=\"button small blue\" href=\"https:\/\/abreast.com.br\/index.php\/ambiental\/\">Leia mais<\/a><\/p>\n","protected":false},"author":1,"featured_media":0,"parent":0,"menu_order":0,"comment_status":"closed","ping_status":"closed","template":"","meta":{"_themeisle_gutenberg_block_has_review":false},"yoast_head":"<!-- This site is optimized with the Yoast SEO plugin v20.2 - https:\/\/yoast.com\/wordpress\/plugins\/seo\/ -->\n<title>Ambiental - Abreast - Seguran\u00e7a e Medicina do Trabalho<\/title>\n<meta name=\"description\" content=\"Abreast - Seguran\u00e7a e Medicina do Trabalho.\" \/>\n<meta name=\"robots\" content=\"index, follow, max-snippet:-1, max-image-preview:large, max-video-preview:-1\" \/>\n<link rel=\"canonical\" href=\"https:\/\/abreast.com.br\/index.php\/ambiental\/\" \/>\n<meta property=\"og:locale\" content=\"pt_BR\" \/>\n<meta property=\"og:type\" content=\"article\" \/>\n<meta property=\"og:title\" content=\"Ambiental - Abreast - Seguran\u00e7a e Medicina do Trabalho\" \/>\n<meta property=\"og:description\" content=\"Abreast - Seguran\u00e7a e Medicina do Trabalho.\" \/>\n<meta property=\"og:url\" content=\"https:\/\/abreast.com.br\/index.php\/ambiental\/\" \/>\n<meta property=\"og:site_name\" content=\"Abreast - Seguran\u00e7a e Medicina do Trabalho\" \/>\n<meta property=\"article:modified_time\" content=\"2019-12-07T15:04:32+00:00\" \/>\n<meta name=\"twitter:card\" content=\"summary_large_image\" \/>\n<meta name=\"twitter:label1\" content=\"Est. tempo de leitura\" \/>\n\t<meta name=\"twitter:data1\" content=\"2 minutos\" \/>\n<script type=\"application\/ld+json\" class=\"yoast-schema-graph\">{\"@context\":\"https:\/\/schema.org\",\"@graph\":[{\"@type\":\"WebPage\",\"@id\":\"https:\/\/abreast.com.br\/index.php\/ambiental\/\",\"url\":\"https:\/\/abreast.com.br\/index.php\/ambiental\/\",\"name\":\"Ambiental - Abreast - Seguran\u00e7a e Medicina do Trabalho\",\"isPartOf\":{\"@id\":\"https:\/\/abreast.com.br\/#website\"},\"datePublished\":\"2019-12-07T14:31:21+00:00\",\"dateModified\":\"2019-12-07T15:04:32+00:00\",\"description\":\"Abreast - Seguran\u00e7a e Medicina do Trabalho.\",\"breadcrumb\":{\"@id\":\"https:\/\/abreast.com.br\/index.php\/ambiental\/#breadcrumb\"},\"inLanguage\":\"pt-BR\",\"potentialAction\":[{\"@type\":\"ReadAction\",\"target\":[\"https:\/\/abreast.com.br\/index.php\/ambiental\/\"]}]},{\"@type\":\"BreadcrumbList\",\"@id\":\"https:\/\/abreast.com.br\/index.php\/ambiental\/#breadcrumb\",\"itemListElement\":[{\"@type\":\"ListItem\",\"position\":1,\"name\":\"In\u00edcio\",\"item\":\"https:\/\/abreast.com.br\/\"},{\"@type\":\"ListItem\",\"position\":2,\"name\":\"Ambiental\"}]},{\"@type\":\"WebSite\",\"@id\":\"https:\/\/abreast.com.br\/#website\",\"url\":\"https:\/\/abreast.com.br\/\",\"name\":\"Abreast - Seguran\u00e7a e Medicina do Trabalho\",\"description\":\"Abreast - Seguran\u00e7a e Medicina do Trabalho\",\"publisher\":{\"@id\":\"https:\/\/abreast.com.br\/#organization\"},\"potentialAction\":[{\"@type\":\"SearchAction\",\"target\":{\"@type\":\"EntryPoint\",\"urlTemplate\":\"https:\/\/abreast.com.br\/?s={search_term_string}\"},\"query-input\":\"required name=search_term_string\"}],\"inLanguage\":\"pt-BR\"},{\"@type\":\"Organization\",\"@id\":\"https:\/\/abreast.com.br\/#organization\",\"name\":\"Abreast\",\"url\":\"https:\/\/abreast.com.br\/\",\"logo\":{\"@type\":\"ImageObject\",\"inLanguage\":\"pt-BR\",\"@id\":\"https:\/\/abreast.com.br\/#\/schema\/logo\/image\/\",\"url\":\"https:\/\/abreast.com.br\/wp-content\/uploads\/2019\/11\/logo-abreast.png\",\"contentUrl\":\"https:\/\/abreast.com.br\/wp-content\/uploads\/2019\/11\/logo-abreast.png\",\"width\":302,\"height\":127,\"caption\":\"Abreast\"},\"image\":{\"@id\":\"https:\/\/abreast.com.br\/#\/schema\/logo\/image\/\"}}]}<\/script>\n<!-- \/ Yoast SEO plugin. -->","yoast_head_json":{"title":"Ambiental - Abreast - Seguran\u00e7a e Medicina do Trabalho","description":"Abreast - Seguran\u00e7a e Medicina do Trabalho.","robots":{"index":"index","follow":"follow","max-snippet":"max-snippet:-1","max-image-preview":"max-image-preview:large","max-video-preview":"max-video-preview:-1"},"canonical":"https:\/\/abreast.com.br\/index.php\/ambiental\/","og_locale":"pt_BR","og_type":"article","og_title":"Ambiental - Abreast - Seguran\u00e7a e Medicina do Trabalho","og_description":"Abreast - Seguran\u00e7a e Medicina do Trabalho.","og_url":"https:\/\/abreast.com.br\/index.php\/ambiental\/","og_site_name":"Abreast - Seguran\u00e7a e Medicina do Trabalho","article_modified_time":"2019-12-07T15:04:32+00:00","twitter_card":"summary_large_image","twitter_misc":{"Est. tempo de leitura":"2 minutos"},"schema":{"@context":"https:\/\/schema.org","@graph":[{"@type":"WebPage","@id":"https:\/\/abreast.com.br\/index.php\/ambiental\/","url":"https:\/\/abreast.com.br\/index.php\/ambiental\/","name":"Ambiental - Abreast - Seguran\u00e7a e Medicina do Trabalho","isPartOf":{"@id":"https:\/\/abreast.com.br\/#website"},"datePublished":"2019-12-07T14:31:21+00:00","dateModified":"2019-12-07T15:04:32+00:00","description":"Abreast - Seguran\u00e7a e Medicina do Trabalho.","breadcrumb":{"@id":"https:\/\/abreast.com.br\/index.php\/ambiental\/#breadcrumb"},"inLanguage":"pt-BR","potentialAction":[{"@type":"ReadAction","target":["https:\/\/abreast.com.br\/index.php\/ambiental\/"]}]},{"@type":"BreadcrumbList","@id":"https:\/\/abreast.com.br\/index.php\/ambiental\/#breadcrumb","itemListElement":[{"@type":"ListItem","position":1,"name":"In\u00edcio","item":"https:\/\/abreast.com.br\/"},{"@type":"ListItem","position":2,"name":"Ambiental"}]},{"@type":"WebSite","@id":"https:\/\/abreast.com.br\/#website","url":"https:\/\/abreast.com.br\/","name":"Abreast - Seguran\u00e7a e Medicina do Trabalho","description":"Abreast - Seguran\u00e7a e Medicina do Trabalho","publisher":{"@id":"https:\/\/abreast.com.br\/#organization"},"potentialAction":[{"@type":"SearchAction","target":{"@type":"EntryPoint","urlTemplate":"https:\/\/abreast.com.br\/?s={search_term_string}"},"query-input":"required name=search_term_string"}],"inLanguage":"pt-BR"},{"@type":"Organization","@id":"https:\/\/abreast.com.br\/#organization","name":"Abreast","url":"https:\/\/abreast.com.br\/","logo":{"@type":"ImageObject","inLanguage":"pt-BR","@id":"https:\/\/abreast.com.br\/#\/schema\/logo\/image\/","url":"https:\/\/abreast.com.br\/wp-content\/uploads\/2019\/11\/logo-abreast.png","contentUrl":"https:\/\/abreast.com.br\/wp-content\/uploads\/2019\/11\/logo-abreast.png","width":302,"height":127,"caption":"Abreast"},"image":{"@id":"https:\/\/abreast.com.br\/#\/schema\/logo\/image\/"}}]}},"_links":{"self":[{"href":"https:\/\/abreast.com.br\/index.php\/wp-json\/wp\/v2\/pages\/204"}],"collection":[{"href":"https:\/\/abreast.com.br\/index.php\/wp-json\/wp\/v2\/pages"}],"about":[{"href":"https:\/\/abreast.com.br\/index.php\/wp-json\/wp\/v2\/types\/page"}],"author":[{"embeddable":true,"href":"https:\/\/abreast.com.br\/index.php\/wp-json\/wp\/v2\/users\/1"}],"replies":[{"embeddable":true,"href":"https:\/\/abreast.com.br\/index.php\/wp-json\/wp\/v2\/comments?post=204"}],"version-history":[{"count":15,"href":"https:\/\/abreast.com.br\/index.php\/wp-json\/wp\/v2\/pages\/204\/revisions"}],"predecessor-version":[{"id":240,"href":"https:\/\/abreast.com.br\/index.php\/wp-json\/wp\/v2\/pages\/204\/revisions\/240"}],"wp:attachment":[{"href":"https:\/\/abreast.com.br\/index.php\/wp-json\/wp\/v2\/media?parent=204"}],"curies":[{"name":"wp","href":"https:\/\/api.w.org\/{rel}","templated":true}]}}