{"id":185,"date":"2019-11-30T14:09:39","date_gmt":"2019-11-30T17:09:39","guid":{"rendered":"https:\/\/abreast.com.br\/?page_id=185"},"modified":"2019-12-07T11:26:51","modified_gmt":"2019-12-07T14:26:51","slug":"seguranca-do-trabalho","status":"publish","type":"page","link":"https:\/\/abreast.com.br\/index.php\/seguranca-do-trabalho\/","title":{"rendered":"Seguran\u00e7a do Trabalho"},"content":{"rendered":"\n<h2 class=\"wp-block-heading\">O que \u00e9 Seguran\u00e7a do Trabalho?<\/h2>\n\n\n\n<p class=\"has-medium-font-size\">A Seguran\u00e7a do trabalho promove a prote\u00e7\u00e3o dos trabalhadores no ambiente de trabalho. Reduz acidentes de trabalho e doen\u00e7as ocupacionais. Equipamentos de prote\u00e7\u00e3o e coletiva, CIPA, CAT e entre outros documentos que auxiliam as empresas na comunica\u00e7\u00e3o e analise de ambiente de trabalho.<\/p>\n\n\n\n<p class=\"has-medium-font-size\"><strong>Quais documentos fazem parte?<\/strong><\/p>\n\n\n\n<figure class=\"wp-block-table is-style-stripes\"><table class=\"has-fixed-layout\"><thead><tr><th><\/th><th><\/th><th><\/th><th><\/th><\/tr><\/thead><tbody><tr><td><strong>NOME T\u00c9CNICO<\/strong><\/td><td><strong>VALIDADE<\/strong><\/td><td><strong>OBRIGATORIEDADE LEGAL<\/strong><\/td><td><strong>OBJETIVO<\/strong><\/td><\/tr><tr><td>PPRA<\/td><td>12 MESES<\/td><td>  NR 9 &#8211; 9.1.1 <\/td><td>  Reconhecer e monitorar os principais agentes de riscos. <\/td><\/tr><tr><td>*<\/td><td><\/td><td><\/td><td><\/td><\/tr><tr><td> PCMAT <\/td><td>Indefinida<\/td><td> NR 18 <\/td><td> Reconhecer e monitorar as condi\u00e7\u00f5es ambientais do Local de trabalho.  <\/td><\/tr><tr><td>*<\/td><td><\/td><td><\/td><td><\/td><\/tr><tr><td>LTCAT<\/td><td>Indefinida<\/td><td> Art. 58, da Lei 8213\/1991 <\/td><td> Oferecer parecer conclusivo quanto a averigua\u00e7\u00e3o de condi\u00e7\u00f5es insalubre em um ambiente de trabalho de forma global. <\/td><\/tr><tr><td>*<\/td><td><\/td><td><\/td><td><\/td><\/tr><\/tbody><tfoot><tr><td><\/td><td><\/td><td><\/td><td><\/td><\/tr><tr><td>CIPA<\/td><td>12 MESES<\/td><td> NR 05 <\/td><td> Tem como objetivo a preven\u00e7\u00e3o de doen\u00e7as decorrentes do trabalho, de modo a tornar compat\u00edvel a preserva\u00e7\u00e3o da vida e a promo\u00e7\u00e3o da sa\u00fade do trabalhador.  <\/td><\/tr><tr><td><\/td><td><\/td><td><\/td><td><\/td><\/tr><tr><td><\/td><td><\/td><td><\/td><td><\/td><\/tr><\/tfoot><\/table><\/figure>\n\n\n\n<h3 class=\"wp-block-heading\">O que \u00e9 CAT?<\/h3>\n\n\n\n<p>A CAT \u00e9 documento que comunica a Previd\u00eancia Social acidentes de trabalho, doen\u00e7a ocupacional ou \u00f3bito do trabalhador em decorr\u00eancia do acidente de trabalho. Existem prazos que devem ser seguidos.  Para saber mais, acesse <a href=\"https:\/\/www.inss.gov.br\/servicos-do-inss\/comunicacao-de-acidente-de-trabalho-cat\/\">https:\/\/www.inss.gov.br\/servicos-do-inss\/comunicacao-de-acidente-de-trabalho-cat\/<\/a> <\/p>\n\n\n\n<h3 class=\"wp-block-heading\">O que \u00e9 PPP?<\/h3>\n\n\n\n<p>\u00c9 um documento previdenci\u00e1rio hist\u00f3rico que cont\u00e9m informa\u00e7\u00f5es relacionadas a atividade do trabalhador em seu ambiente de trabalho. <\/p>\n","protected":false},"excerpt":{"rendered":"<p>O que \u00e9 Seguran\u00e7a do Trabalho? A Seguran\u00e7a do trabalho promove a prote\u00e7\u00e3o dos trabalhadores no ambiente de trabalho. Reduz acidentes de trabalho e doen\u00e7as ocupacionais. Equipamentos de prote\u00e7\u00e3o e coletiva, CIPA, CAT e entre outros documentos que auxiliam as empresas na comunica\u00e7\u00e3o e analise de ambiente de trabalho. Quais documentos fazem parte? NOME T\u00c9CNICO VALIDADE OBRIGATORIEDADE LEGAL OBJETIVO PPRA 12 MESES NR 9 &#8211; 9.1.1 Reconhecer e monitorar os principais agentes de riscos. * PCMAT Indefinida NR 18 Reconhecer e monitorar as condi\u00e7\u00f5es ambientais do Local de trabalho. * LTCAT Indefinida Art. 58, da Lei 8213\/1991 Oferecer parecer conclusivo&hellip; <br \/> <a class=\"button small blue\" href=\"https:\/\/abreast.com.br\/index.php\/seguranca-do-trabalho\/\">Leia mais<\/a><\/p>\n","protected":false},"author":1,"featured_media":0,"parent":0,"menu_order":0,"comment_status":"closed","ping_status":"closed","template":"","meta":{"_themeisle_gutenberg_block_has_review":false},"yoast_head":"<!-- This site is optimized with the Yoast SEO plugin v20.2 - https:\/\/yoast.com\/wordpress\/plugins\/seo\/ -->\n<title>Seguran\u00e7a do Trabalho - Abreast - Seguran\u00e7a e Medicina do Trabalho<\/title>\n<meta name=\"description\" content=\"Abreast - Seguran\u00e7a e Medicina do Trabalho.\" \/>\n<meta name=\"robots\" content=\"index, follow, max-snippet:-1, max-image-preview:large, max-video-preview:-1\" \/>\n<link rel=\"canonical\" href=\"https:\/\/abreast.com.br\/index.php\/seguranca-do-trabalho\/\" \/>\n<meta property=\"og:locale\" content=\"pt_BR\" \/>\n<meta property=\"og:type\" content=\"article\" \/>\n<meta property=\"og:title\" content=\"Seguran\u00e7a do Trabalho - Abreast - Seguran\u00e7a e Medicina do Trabalho\" \/>\n<meta property=\"og:description\" content=\"Abreast - Seguran\u00e7a e Medicina do Trabalho.\" \/>\n<meta property=\"og:url\" content=\"https:\/\/abreast.com.br\/index.php\/seguranca-do-trabalho\/\" \/>\n<meta property=\"og:site_name\" content=\"Abreast - Seguran\u00e7a e Medicina do Trabalho\" \/>\n<meta property=\"article:modified_time\" content=\"2019-12-07T14:26:51+00:00\" \/>\n<meta name=\"twitter:card\" content=\"summary_large_image\" \/>\n<meta name=\"twitter:label1\" content=\"Est. tempo de leitura\" \/>\n\t<meta name=\"twitter:data1\" content=\"1 minuto\" \/>\n<script type=\"application\/ld+json\" class=\"yoast-schema-graph\">{\"@context\":\"https:\/\/schema.org\",\"@graph\":[{\"@type\":\"WebPage\",\"@id\":\"https:\/\/abreast.com.br\/index.php\/seguranca-do-trabalho\/\",\"url\":\"https:\/\/abreast.com.br\/index.php\/seguranca-do-trabalho\/\",\"name\":\"Seguran\u00e7a do Trabalho - Abreast - Seguran\u00e7a e Medicina do Trabalho\",\"isPartOf\":{\"@id\":\"https:\/\/abreast.com.br\/#website\"},\"datePublished\":\"2019-11-30T17:09:39+00:00\",\"dateModified\":\"2019-12-07T14:26:51+00:00\",\"description\":\"Abreast - Seguran\u00e7a e Medicina do Trabalho.\",\"breadcrumb\":{\"@id\":\"https:\/\/abreast.com.br\/index.php\/seguranca-do-trabalho\/#breadcrumb\"},\"inLanguage\":\"pt-BR\",\"potentialAction\":[{\"@type\":\"ReadAction\",\"target\":[\"https:\/\/abreast.com.br\/index.php\/seguranca-do-trabalho\/\"]}]},{\"@type\":\"BreadcrumbList\",\"@id\":\"https:\/\/abreast.com.br\/index.php\/seguranca-do-trabalho\/#breadcrumb\",\"itemListElement\":[{\"@type\":\"ListItem\",\"position\":1,\"name\":\"In\u00edcio\",\"item\":\"https:\/\/abreast.com.br\/\"},{\"@type\":\"ListItem\",\"position\":2,\"name\":\"Seguran\u00e7a do Trabalho\"}]},{\"@type\":\"WebSite\",\"@id\":\"https:\/\/abreast.com.br\/#website\",\"url\":\"https:\/\/abreast.com.br\/\",\"name\":\"Abreast - Seguran\u00e7a e Medicina do Trabalho\",\"description\":\"Abreast - Seguran\u00e7a e Medicina do Trabalho\",\"publisher\":{\"@id\":\"https:\/\/abreast.com.br\/#organization\"},\"potentialAction\":[{\"@type\":\"SearchAction\",\"target\":{\"@type\":\"EntryPoint\",\"urlTemplate\":\"https:\/\/abreast.com.br\/?s={search_term_string}\"},\"query-input\":\"required name=search_term_string\"}],\"inLanguage\":\"pt-BR\"},{\"@type\":\"Organization\",\"@id\":\"https:\/\/abreast.com.br\/#organization\",\"name\":\"Abreast\",\"url\":\"https:\/\/abreast.com.br\/\",\"logo\":{\"@type\":\"ImageObject\",\"inLanguage\":\"pt-BR\",\"@id\":\"https:\/\/abreast.com.br\/#\/schema\/logo\/image\/\",\"url\":\"https:\/\/abreast.com.br\/wp-content\/uploads\/2019\/11\/logo-abreast.png\",\"contentUrl\":\"https:\/\/abreast.com.br\/wp-content\/uploads\/2019\/11\/logo-abreast.png\",\"width\":302,\"height\":127,\"caption\":\"Abreast\"},\"image\":{\"@id\":\"https:\/\/abreast.com.br\/#\/schema\/logo\/image\/\"}}]}<\/script>\n<!-- \/ Yoast SEO plugin. -->","yoast_head_json":{"title":"Seguran\u00e7a do Trabalho - Abreast - Seguran\u00e7a e Medicina do Trabalho","description":"Abreast - Seguran\u00e7a e Medicina do Trabalho.","robots":{"index":"index","follow":"follow","max-snippet":"max-snippet:-1","max-image-preview":"max-image-preview:large","max-video-preview":"max-video-preview:-1"},"canonical":"https:\/\/abreast.com.br\/index.php\/seguranca-do-trabalho\/","og_locale":"pt_BR","og_type":"article","og_title":"Seguran\u00e7a do Trabalho - Abreast - Seguran\u00e7a e Medicina do Trabalho","og_description":"Abreast - Seguran\u00e7a e Medicina do Trabalho.","og_url":"https:\/\/abreast.com.br\/index.php\/seguranca-do-trabalho\/","og_site_name":"Abreast - Seguran\u00e7a e Medicina do Trabalho","article_modified_time":"2019-12-07T14:26:51+00:00","twitter_card":"summary_large_image","twitter_misc":{"Est. tempo de leitura":"1 minuto"},"schema":{"@context":"https:\/\/schema.org","@graph":[{"@type":"WebPage","@id":"https:\/\/abreast.com.br\/index.php\/seguranca-do-trabalho\/","url":"https:\/\/abreast.com.br\/index.php\/seguranca-do-trabalho\/","name":"Seguran\u00e7a do Trabalho - Abreast - Seguran\u00e7a e Medicina do Trabalho","isPartOf":{"@id":"https:\/\/abreast.com.br\/#website"},"datePublished":"2019-11-30T17:09:39+00:00","dateModified":"2019-12-07T14:26:51+00:00","description":"Abreast - Seguran\u00e7a e Medicina do Trabalho.","breadcrumb":{"@id":"https:\/\/abreast.com.br\/index.php\/seguranca-do-trabalho\/#breadcrumb"},"inLanguage":"pt-BR","potentialAction":[{"@type":"ReadAction","target":["https:\/\/abreast.com.br\/index.php\/seguranca-do-trabalho\/"]}]},{"@type":"BreadcrumbList","@id":"https:\/\/abreast.com.br\/index.php\/seguranca-do-trabalho\/#breadcrumb","itemListElement":[{"@type":"ListItem","position":1,"name":"In\u00edcio","item":"https:\/\/abreast.com.br\/"},{"@type":"ListItem","position":2,"name":"Seguran\u00e7a do Trabalho"}]},{"@type":"WebSite","@id":"https:\/\/abreast.com.br\/#website","url":"https:\/\/abreast.com.br\/","name":"Abreast - Seguran\u00e7a e Medicina do Trabalho","description":"Abreast - Seguran\u00e7a e Medicina do Trabalho","publisher":{"@id":"https:\/\/abreast.com.br\/#organization"},"potentialAction":[{"@type":"SearchAction","target":{"@type":"EntryPoint","urlTemplate":"https:\/\/abreast.com.br\/?s={search_term_string}"},"query-input":"required name=search_term_string"}],"inLanguage":"pt-BR"},{"@type":"Organization","@id":"https:\/\/abreast.com.br\/#organization","name":"Abreast","url":"https:\/\/abreast.com.br\/","logo":{"@type":"ImageObject","inLanguage":"pt-BR","@id":"https:\/\/abreast.com.br\/#\/schema\/logo\/image\/","url":"https:\/\/abreast.com.br\/wp-content\/uploads\/2019\/11\/logo-abreast.png","contentUrl":"https:\/\/abreast.com.br\/wp-content\/uploads\/2019\/11\/logo-abreast.png","width":302,"height":127,"caption":"Abreast"},"image":{"@id":"https:\/\/abreast.com.br\/#\/schema\/logo\/image\/"}}]}},"_links":{"self":[{"href":"https:\/\/abreast.com.br\/index.php\/wp-json\/wp\/v2\/pages\/185"}],"collection":[{"href":"https:\/\/abreast.com.br\/index.php\/wp-json\/wp\/v2\/pages"}],"about":[{"href":"https:\/\/abreast.com.br\/index.php\/wp-json\/wp\/v2\/types\/page"}],"author":[{"embeddable":true,"href":"https:\/\/abreast.com.br\/index.php\/wp-json\/wp\/v2\/users\/1"}],"replies":[{"embeddable":true,"href":"https:\/\/abreast.com.br\/index.php\/wp-json\/wp\/v2\/comments?post=185"}],"version-history":[{"count":11,"href":"https:\/\/abreast.com.br\/index.php\/wp-json\/wp\/v2\/pages\/185\/revisions"}],"predecessor-version":[{"id":239,"href":"https:\/\/abreast.com.br\/index.php\/wp-json\/wp\/v2\/pages\/185\/revisions\/239"}],"wp:attachment":[{"href":"https:\/\/abreast.com.br\/index.php\/wp-json\/wp\/v2\/media?parent=185"}],"curies":[{"name":"wp","href":"https:\/\/api.w.org\/{rel}","templated":true}]}}