{"id":139,"date":"2019-11-30T12:07:11","date_gmt":"2019-11-30T15:07:11","guid":{"rendered":"https:\/\/abreast.com.br\/?page_id=139"},"modified":"2019-11-30T13:27:57","modified_gmt":"2019-11-30T16:27:57","slug":"saude-ocupacional","status":"publish","type":"page","link":"https:\/\/abreast.com.br\/index.php\/saude-ocupacional\/","title":{"rendered":"Sa\u00fade Ocupacional"},"content":{"rendered":"\n<h2 class=\"wp-block-heading\">O que \u00e9 Sa\u00fade Ocupacional?<\/h2>\n\n\n\n<p class=\"has-medium-font-size\">A sa\u00fade ocupacional refere-se  a qualidade de vida das pessoas em suas respectivas ocupa\u00e7\u00f5es.  S\u00e3o documentos que auxiliam as empresas a monitorarem as causas e feitos que o ambiente de trabalho de determinada fun\u00e7\u00e3o tem causado aos seus colaboradores, al\u00e9m de assegur\u00e1-las quanto a processos trabalhistas que podem surgir com o tempo.  <\/p>\n\n\n\n<p class=\"has-medium-font-size\"><strong>Quais documentos fazem parte?<\/strong><\/p>\n\n\n\n<figure class=\"wp-block-table is-style-stripes\"><table class=\"has-fixed-layout\"><thead><tr><th><\/th><th><\/th><th><\/th><th><\/th><\/tr><\/thead><tbody><tr><td><strong>NOME T\u00c9CNICO<\/strong><\/td><td><strong>VALIDADE<\/strong><\/td><td><strong>OBRIGATORIEDADE LEGAL<\/strong><\/td><td><strong>OBJETIVO<\/strong><\/td><\/tr><tr><td>PCMSO<\/td><td>12 MESES<\/td><td> NR 7 &#8211; 7.1.1 <\/td><td>  Estabelecer par\u00e2metros para monitora\u00e7\u00e3o dos indicadores biol\u00f3gicos reconhecidos no PPRA. <\/td><\/tr><tr><td>*<\/td><td><\/td><td><\/td><td><\/td><\/tr><tr><td>ASO<\/td><td>Descrito no PCMSO.<\/td><td>NR 7<\/td><td> Acompanhar sa\u00fade dos colaboradores, atrav\u00e9s do Admissional, Peri\u00f3dico e Demissional. <\/td><\/tr><tr><td>*<\/td><td><\/td><td><\/td><td><\/td><\/tr><tr><td>LAUDOS ERGON\u00d4MICOS<\/td><td>12 MESES<\/td><td> NR 17 &#8211; 17.1.2 <\/td><td> Oferecer uma descri\u00e7\u00e3o detalhada do ambiente de trabalho e propor medidas para adequa\u00e7\u00e3o do posto de trabalho ao trabalhador. <\/td><\/tr><\/tbody><tfoot><tr><td><\/td><td><\/td><td><\/td><td><\/td><\/tr><\/tfoot><\/table><\/figure>\n","protected":false},"excerpt":{"rendered":"<p>O que \u00e9 Sa\u00fade Ocupacional? A sa\u00fade ocupacional refere-se a qualidade de vida das pessoas em suas respectivas ocupa\u00e7\u00f5es. S\u00e3o documentos que auxiliam as empresas a monitorarem as causas e feitos que o ambiente de trabalho de determinada fun\u00e7\u00e3o tem causado aos seus colaboradores, al\u00e9m de assegur\u00e1-las quanto a processos trabalhistas que podem surgir com o tempo. Quais documentos fazem parte? NOME T\u00c9CNICO VALIDADE OBRIGATORIEDADE LEGAL OBJETIVO PCMSO 12 MESES NR 7 &#8211; 7.1.1 Estabelecer par\u00e2metros para monitora\u00e7\u00e3o dos indicadores biol\u00f3gicos reconhecidos no PPRA. * ASO Descrito no PCMSO. NR 7 Acompanhar sa\u00fade dos colaboradores, atrav\u00e9s do Admissional, Peri\u00f3dico e&hellip; <br \/> <a class=\"button small blue\" href=\"https:\/\/abreast.com.br\/index.php\/saude-ocupacional\/\">Leia mais<\/a><\/p>\n","protected":false},"author":1,"featured_media":0,"parent":0,"menu_order":0,"comment_status":"closed","ping_status":"closed","template":"","meta":{"_themeisle_gutenberg_block_has_review":false},"yoast_head":"<!-- This site is optimized with the Yoast SEO plugin v20.2 - https:\/\/yoast.com\/wordpress\/plugins\/seo\/ -->\n<title>Sa\u00fade Ocupacional - Abreast - Seguran\u00e7a e Medicina do Trabalho<\/title>\n<meta name=\"description\" content=\"Abreast - Seguran\u00e7a e Medicina do Trabalho.\" \/>\n<meta name=\"robots\" content=\"index, follow, max-snippet:-1, max-image-preview:large, max-video-preview:-1\" \/>\n<link rel=\"canonical\" href=\"https:\/\/abreast.com.br\/index.php\/saude-ocupacional\/\" \/>\n<meta property=\"og:locale\" content=\"pt_BR\" \/>\n<meta property=\"og:type\" content=\"article\" \/>\n<meta property=\"og:title\" content=\"Sa\u00fade Ocupacional - Abreast - Seguran\u00e7a e Medicina do Trabalho\" \/>\n<meta property=\"og:description\" content=\"Abreast - Seguran\u00e7a e Medicina do Trabalho.\" \/>\n<meta property=\"og:url\" content=\"https:\/\/abreast.com.br\/index.php\/saude-ocupacional\/\" \/>\n<meta property=\"og:site_name\" content=\"Abreast - Seguran\u00e7a e Medicina do Trabalho\" \/>\n<meta property=\"article:modified_time\" content=\"2019-11-30T16:27:57+00:00\" \/>\n<meta name=\"twitter:card\" content=\"summary_large_image\" \/>\n<meta name=\"twitter:label1\" content=\"Est. tempo de leitura\" \/>\n\t<meta name=\"twitter:data1\" content=\"1 minuto\" \/>\n<script type=\"application\/ld+json\" class=\"yoast-schema-graph\">{\"@context\":\"https:\/\/schema.org\",\"@graph\":[{\"@type\":\"WebPage\",\"@id\":\"https:\/\/abreast.com.br\/index.php\/saude-ocupacional\/\",\"url\":\"https:\/\/abreast.com.br\/index.php\/saude-ocupacional\/\",\"name\":\"Sa\u00fade Ocupacional - Abreast - Seguran\u00e7a e Medicina do Trabalho\",\"isPartOf\":{\"@id\":\"https:\/\/abreast.com.br\/#website\"},\"datePublished\":\"2019-11-30T15:07:11+00:00\",\"dateModified\":\"2019-11-30T16:27:57+00:00\",\"description\":\"Abreast - Seguran\u00e7a e Medicina do Trabalho.\",\"breadcrumb\":{\"@id\":\"https:\/\/abreast.com.br\/index.php\/saude-ocupacional\/#breadcrumb\"},\"inLanguage\":\"pt-BR\",\"potentialAction\":[{\"@type\":\"ReadAction\",\"target\":[\"https:\/\/abreast.com.br\/index.php\/saude-ocupacional\/\"]}]},{\"@type\":\"BreadcrumbList\",\"@id\":\"https:\/\/abreast.com.br\/index.php\/saude-ocupacional\/#breadcrumb\",\"itemListElement\":[{\"@type\":\"ListItem\",\"position\":1,\"name\":\"In\u00edcio\",\"item\":\"https:\/\/abreast.com.br\/\"},{\"@type\":\"ListItem\",\"position\":2,\"name\":\"Sa\u00fade Ocupacional\"}]},{\"@type\":\"WebSite\",\"@id\":\"https:\/\/abreast.com.br\/#website\",\"url\":\"https:\/\/abreast.com.br\/\",\"name\":\"Abreast - Seguran\u00e7a e Medicina do Trabalho\",\"description\":\"Abreast - Seguran\u00e7a e Medicina do Trabalho\",\"publisher\":{\"@id\":\"https:\/\/abreast.com.br\/#organization\"},\"potentialAction\":[{\"@type\":\"SearchAction\",\"target\":{\"@type\":\"EntryPoint\",\"urlTemplate\":\"https:\/\/abreast.com.br\/?s={search_term_string}\"},\"query-input\":\"required name=search_term_string\"}],\"inLanguage\":\"pt-BR\"},{\"@type\":\"Organization\",\"@id\":\"https:\/\/abreast.com.br\/#organization\",\"name\":\"Abreast\",\"url\":\"https:\/\/abreast.com.br\/\",\"logo\":{\"@type\":\"ImageObject\",\"inLanguage\":\"pt-BR\",\"@id\":\"https:\/\/abreast.com.br\/#\/schema\/logo\/image\/\",\"url\":\"https:\/\/abreast.com.br\/wp-content\/uploads\/2019\/11\/logo-abreast.png\",\"contentUrl\":\"https:\/\/abreast.com.br\/wp-content\/uploads\/2019\/11\/logo-abreast.png\",\"width\":302,\"height\":127,\"caption\":\"Abreast\"},\"image\":{\"@id\":\"https:\/\/abreast.com.br\/#\/schema\/logo\/image\/\"}}]}<\/script>\n<!-- \/ Yoast SEO plugin. -->","yoast_head_json":{"title":"Sa\u00fade Ocupacional - Abreast - Seguran\u00e7a e Medicina do Trabalho","description":"Abreast - Seguran\u00e7a e Medicina do Trabalho.","robots":{"index":"index","follow":"follow","max-snippet":"max-snippet:-1","max-image-preview":"max-image-preview:large","max-video-preview":"max-video-preview:-1"},"canonical":"https:\/\/abreast.com.br\/index.php\/saude-ocupacional\/","og_locale":"pt_BR","og_type":"article","og_title":"Sa\u00fade Ocupacional - Abreast - Seguran\u00e7a e Medicina do Trabalho","og_description":"Abreast - Seguran\u00e7a e Medicina do Trabalho.","og_url":"https:\/\/abreast.com.br\/index.php\/saude-ocupacional\/","og_site_name":"Abreast - Seguran\u00e7a e Medicina do Trabalho","article_modified_time":"2019-11-30T16:27:57+00:00","twitter_card":"summary_large_image","twitter_misc":{"Est. tempo de leitura":"1 minuto"},"schema":{"@context":"https:\/\/schema.org","@graph":[{"@type":"WebPage","@id":"https:\/\/abreast.com.br\/index.php\/saude-ocupacional\/","url":"https:\/\/abreast.com.br\/index.php\/saude-ocupacional\/","name":"Sa\u00fade Ocupacional - Abreast - Seguran\u00e7a e Medicina do Trabalho","isPartOf":{"@id":"https:\/\/abreast.com.br\/#website"},"datePublished":"2019-11-30T15:07:11+00:00","dateModified":"2019-11-30T16:27:57+00:00","description":"Abreast - Seguran\u00e7a e Medicina do Trabalho.","breadcrumb":{"@id":"https:\/\/abreast.com.br\/index.php\/saude-ocupacional\/#breadcrumb"},"inLanguage":"pt-BR","potentialAction":[{"@type":"ReadAction","target":["https:\/\/abreast.com.br\/index.php\/saude-ocupacional\/"]}]},{"@type":"BreadcrumbList","@id":"https:\/\/abreast.com.br\/index.php\/saude-ocupacional\/#breadcrumb","itemListElement":[{"@type":"ListItem","position":1,"name":"In\u00edcio","item":"https:\/\/abreast.com.br\/"},{"@type":"ListItem","position":2,"name":"Sa\u00fade Ocupacional"}]},{"@type":"WebSite","@id":"https:\/\/abreast.com.br\/#website","url":"https:\/\/abreast.com.br\/","name":"Abreast - Seguran\u00e7a e Medicina do Trabalho","description":"Abreast - Seguran\u00e7a e Medicina do Trabalho","publisher":{"@id":"https:\/\/abreast.com.br\/#organization"},"potentialAction":[{"@type":"SearchAction","target":{"@type":"EntryPoint","urlTemplate":"https:\/\/abreast.com.br\/?s={search_term_string}"},"query-input":"required name=search_term_string"}],"inLanguage":"pt-BR"},{"@type":"Organization","@id":"https:\/\/abreast.com.br\/#organization","name":"Abreast","url":"https:\/\/abreast.com.br\/","logo":{"@type":"ImageObject","inLanguage":"pt-BR","@id":"https:\/\/abreast.com.br\/#\/schema\/logo\/image\/","url":"https:\/\/abreast.com.br\/wp-content\/uploads\/2019\/11\/logo-abreast.png","contentUrl":"https:\/\/abreast.com.br\/wp-content\/uploads\/2019\/11\/logo-abreast.png","width":302,"height":127,"caption":"Abreast"},"image":{"@id":"https:\/\/abreast.com.br\/#\/schema\/logo\/image\/"}}]}},"_links":{"self":[{"href":"https:\/\/abreast.com.br\/index.php\/wp-json\/wp\/v2\/pages\/139"}],"collection":[{"href":"https:\/\/abreast.com.br\/index.php\/wp-json\/wp\/v2\/pages"}],"about":[{"href":"https:\/\/abreast.com.br\/index.php\/wp-json\/wp\/v2\/types\/page"}],"author":[{"embeddable":true,"href":"https:\/\/abreast.com.br\/index.php\/wp-json\/wp\/v2\/users\/1"}],"replies":[{"embeddable":true,"href":"https:\/\/abreast.com.br\/index.php\/wp-json\/wp\/v2\/comments?post=139"}],"version-history":[{"count":25,"href":"https:\/\/abreast.com.br\/index.php\/wp-json\/wp\/v2\/pages\/139\/revisions"}],"predecessor-version":[{"id":238,"href":"https:\/\/abreast.com.br\/index.php\/wp-json\/wp\/v2\/pages\/139\/revisions\/238"}],"wp:attachment":[{"href":"https:\/\/abreast.com.br\/index.php\/wp-json\/wp\/v2\/media?parent=139"}],"curies":[{"name":"wp","href":"https:\/\/api.w.org\/{rel}","templated":true}]}}